{"id":10300,"date":"2025-07-30T10:26:01","date_gmt":"2025-07-30T08:26:01","guid":{"rendered":"https:\/\/www.logikaline.com\/press-room\/"},"modified":"2026-02-10T13:16:29","modified_gmt":"2026-02-10T12:16:29","slug":"press-room","status":"publish","type":"page","link":"https:\/\/www.logikaline.com\/en\/press-room\/","title":{"rendered":"Press room"},"content":{"rendered":"\t\t<div data-elementor-type=\"wp-page\" data-elementor-id=\"10300\" class=\"elementor elementor-10300 elementor-3784\" data-elementor-post-type=\"page\">\n\t\t\t\t<div class=\"elementor-element elementor-element-a4988dd e-flex e-con-boxed e-con e-parent\" data-id=\"a4988dd\" data-element_type=\"container\" data-e-type=\"container\" data-settings=\"{&quot;plus_gsap_animation_type&quot;:&quot;none&quot;}\">\n\t\t\t\t\t<div class=\"e-con-inner\">\n\t\t<div class=\"elementor-element elementor-element-b495b93 e-con-full e-flex e-con e-child\" data-id=\"b495b93\" data-element_type=\"container\" data-e-type=\"container\" data-settings=\"{&quot;plus_gsap_animation_type&quot;:&quot;none&quot;}\">\n\t\t\t\t<div class=\"elementor-element elementor-element-008d127 elementor-widget elementor-widget-heading\" data-id=\"008d127\" data-element_type=\"widget\" data-e-type=\"widget\" data-settings=\"{&quot;plus_gsap_animation_type&quot;:&quot;none&quot;}\" data-widget_type=\"heading.default\">\n\t\t\t\t<div class=\"elementor-widget-container\">\n\t\t\t\t\t<h2 class=\"elementor-heading-title elementor-size-default\">Press room<\/h2>\t\t\t\t<\/div>\n\t\t\t\t<\/div>\n\t\t\t\t<\/div>\n\t\t\t\t<div class=\"elementor-element elementor-element-8c9559f elementor-align-left elementor-widget elementor-widget-elementskit-button\" data-id=\"8c9559f\" data-element_type=\"widget\" data-e-type=\"widget\" data-settings=\"{&quot;plus_gsap_animation_type&quot;:&quot;none&quot;}\" data-widget_type=\"elementskit-button.default\">\n\t\t\t\t<div class=\"elementor-widget-container\">\n\t\t\t\t\t<div class=\"ekit-wid-con\" >\t\t<div class=\"ekit-btn-wraper\">\n\t\t\t\t\t\t\t<a href=\"https:\/\/drive.google.com\/file\/d\/1cHDplMd4xBs_RU0RcRPz3E7okR6-4nX8\/view\" class=\"elementskit-btn  whitespace--normal\" id=\"\" target=\"_blank\" rel=\"noopener\">\n\t\t\t\t\tDownload your press kit here <svg class=\"e-font-icon-svg e-fas-location-arrow\" viewBox=\"0 0 512 512\" xmlns=\"http:\/\/www.w3.org\/2000\/svg\"><path d=\"M444.52 3.52L28.74 195.42c-47.97 22.39-31.98 92.75 19.19 92.75h175.91v175.91c0 51.17 70.36 67.17 92.75 19.19l191.9-415.78c15.99-38.39-25.59-79.97-63.97-63.97z\"><\/path><\/svg>\t\t\t\t<\/a>\n\t\t\t\t\t<\/div>\n        <\/div>\t\t\t\t<\/div>\n\t\t\t\t<\/div>\n\t\t\t\t\t<\/div>\n\t\t\t\t<\/div>\n\t\t<div class=\"elementor-element elementor-element-797de94 e-flex e-con-boxed e-con e-parent\" data-id=\"797de94\" data-element_type=\"container\" data-e-type=\"container\" data-settings=\"{&quot;background_background&quot;:&quot;classic&quot;,&quot;plus_gsap_animation_type&quot;:&quot;none&quot;}\">\n\t\t\t\t\t<div class=\"e-con-inner\">\n\t\t\t\t<div class=\"elementor-element elementor-element-c39c320 e-n-tabs-mobile elementor-widget elementor-widget-n-tabs\" data-id=\"c39c320\" data-element_type=\"widget\" data-e-type=\"widget\" data-settings=\"{&quot;horizontal_scroll&quot;:&quot;disable&quot;,&quot;plus_gsap_animation_type&quot;:&quot;none&quot;}\" data-widget_type=\"nested-tabs.default\">\n\t\t\t\t<div class=\"elementor-widget-container\">\n\t\t\t\t\t\t\t<div class=\"e-n-tabs\" data-widget-number=\"205112096\" aria-label=\"Tabs. Open items with Enter or Space, close with Escape and navigate using the Arrow keys.\">\n\t\t\t<div class=\"e-n-tabs-heading\" role=\"tablist\">\n\t\t\t\t\t<button id=\"e-n-tab-title-2051120961\" data-tab-title-id=\"e-n-tab-title-2051120961\" class=\"e-n-tab-title\" aria-selected=\"true\" data-tab-index=\"1\" role=\"tab\" tabindex=\"0\" aria-controls=\"e-n-tab-content-2051120961\" style=\"--n-tabs-title-order: 1;\">\n\t\t\t\t\t\t<span class=\"e-n-tab-title-text\">\n\t\t\t\tAwards\t\t\t<\/span>\n\t\t<\/button>\n\t\t\t\t<button id=\"e-n-tab-title-2051120962\" data-tab-title-id=\"e-n-tab-title-2051120962\" class=\"e-n-tab-title\" aria-selected=\"false\" data-tab-index=\"2\" role=\"tab\" tabindex=\"-1\" aria-controls=\"e-n-tab-content-2051120962\" style=\"--n-tabs-title-order: 2;\">\n\t\t\t\t\t\t<span class=\"e-n-tab-title-text\">\n\t\t\t\tPeople\t\t\t<\/span>\n\t\t<\/button>\n\t\t\t\t<button id=\"e-n-tab-title-2051120963\" data-tab-title-id=\"e-n-tab-title-2051120963\" class=\"e-n-tab-title\" aria-selected=\"false\" data-tab-index=\"3\" role=\"tab\" tabindex=\"-1\" aria-controls=\"e-n-tab-content-2051120963\" style=\"--n-tabs-title-order: 3;\">\n\t\t\t\t\t\t<span class=\"e-n-tab-title-text\">\n\t\t\t\tEvents\t\t\t<\/span>\n\t\t<\/button>\n\t\t\t\t\t<\/div>\n\t\t\t<div class=\"e-n-tabs-content\">\n\t\t\t\t<div id=\"e-n-tab-content-2051120961\" role=\"tabpanel\" aria-labelledby=\"e-n-tab-title-2051120961\" data-tab-index=\"1\" style=\"--n-tabs-title-order: 1;\" class=\"e-active elementor-element elementor-element-93a463c e-flex e-con-boxed e-con e-child\" data-id=\"93a463c\" data-element_type=\"container\" data-e-type=\"container\" data-settings=\"{&quot;background_background&quot;:&quot;classic&quot;,&quot;plus_gsap_animation_type&quot;:&quot;none&quot;}\">\n\t\t\t\t\t<div class=\"e-con-inner\">\n\t\t\t\t<div class=\"elementor-element elementor-element-ae323ea elementor-grid-eael-col-3 elementor-grid-tablet-eael-col-2 elementor-grid-mobile-eael-col-1 elementor-widget elementor-widget-eael-post-grid\" data-id=\"ae323ea\" data-element_type=\"widget\" data-e-type=\"widget\" data-settings=\"{&quot;eael_post_grid_columns&quot;:&quot;eael-col-3&quot;,&quot;eael_post_grid_columns_tablet&quot;:&quot;eael-col-2&quot;,&quot;eael_post_grid_columns_mobile&quot;:&quot;eael-col-1&quot;,&quot;plus_gsap_animation_type&quot;:&quot;none&quot;}\" data-widget_type=\"eael-post-grid.default\">\n\t\t\t\t<div class=\"elementor-widget-container\">\n\t\t\t\t\t<div id=\"eael-post-grid-ae323ea\" class=\"eael-post-grid-container\">\n            <div class=\"eael-post-grid eael-post-appender eael-post-appender-ae323ea eael-post-grid-style-three\" data-layout-mode=\"grid\"><article class=\"eael-grid-post  eael-post-grid-column eael-pg-post-10366 category-awards\" data-id=\"10366\">\n        <div class=\"eael-grid-post-holder\">\n            <div class=\"eael-grid-post-holder-inner\"><div class=\"eael-entry-media\"><div class=\"eael-entry-overlay fade-in\"><i class=\"fas fa-long-arrow-alt-right\" aria-hidden=\"true\"><\/i><a href=\"https:\/\/www.logikaline.com\/en\/blog\/logikaline-receives-the-leaders-award-once-again\/\"><\/a><\/div><div class=\"eael-entry-thumbnail \">\n                 <img fetchpriority=\"high\" decoding=\"async\" width=\"820\" height=\"312\" src=\"https:\/\/www.logikaline.com\/wp-content\/uploads\/304_2.png\" class=\"attachment-medium size-medium wp-image-10282\" alt=\"\" \/>\n             <\/div>\n        <\/div><div class=\"eael-entry-wrapper\"><header class=\"eael-entry-header\"><h3 class=\"eael-entry-title\"><a class=\"eael-grid-post-link\" href=\"https:\/\/www.logikaline.com\/en\/blog\/logikaline-receives-the-leaders-award-once-again\/\" title=\"Logikaline receives the \u2018Leaders Award\u2019 once again\">Logikaline receives the \u2018Leaders Award\u2019 once again<\/a><\/h3><\/header><\/div><\/div>\n        <\/div>\n    <\/article><article class=\"eael-grid-post  eael-post-grid-column eael-pg-post-10362 category-awards\" data-id=\"10362\">\n        <div class=\"eael-grid-post-holder\">\n            <div class=\"eael-grid-post-holder-inner\"><div class=\"eael-entry-media\"><div class=\"eael-entry-overlay fade-in\"><i class=\"fas fa-long-arrow-alt-right\" aria-hidden=\"true\"><\/i><a href=\"https:\/\/www.logikaline.com\/en\/blog\/logikaline-receives-the-leaders-in-loyalty-award-from-eroski-for-the-eighth-consecutive-year\/\"><\/a><\/div><div class=\"eael-entry-thumbnail \">\n                 <img decoding=\"async\" width=\"300\" height=\"114\" src=\"https:\/\/www.logikaline.com\/wp-content\/uploads\/2025\/07\/295_2-300x114.jpg\" class=\"attachment-medium size-medium wp-image-10287\" alt=\"\" srcset=\"https:\/\/www.logikaline.com\/wp-content\/uploads\/2025\/07\/295_2-300x114.jpg 300w, https:\/\/www.logikaline.com\/wp-content\/uploads\/2025\/07\/295_2-768x292.jpg 768w, https:\/\/www.logikaline.com\/wp-content\/uploads\/2025\/07\/295_2.jpg 820w\" sizes=\"(max-width: 300px) 100vw, 300px\" \/>\n             <\/div>\n        <\/div><div class=\"eael-entry-wrapper\"><header class=\"eael-entry-header\"><h3 class=\"eael-entry-title\"><a class=\"eael-grid-post-link\" href=\"https:\/\/www.logikaline.com\/en\/blog\/logikaline-receives-the-leaders-in-loyalty-award-from-eroski-for-the-eighth-consecutive-year\/\" title=\"Logikaline receives the Leaders in Loyalty Award from Eroski for the eighth consecutive year\">Logikaline receives the Leaders in Loyalty Award from Eroski for the eighth consecutive year<\/a><\/h3><\/header><\/div><\/div>\n        <\/div>\n    <\/article><article class=\"eael-grid-post  eael-post-grid-column eael-pg-post-10357 category-awards\" data-id=\"10357\">\n        <div class=\"eael-grid-post-holder\">\n            <div class=\"eael-grid-post-holder-inner\"><div class=\"eael-entry-media\"><div class=\"eael-entry-overlay fade-in\"><i class=\"fas fa-long-arrow-alt-right\" aria-hidden=\"true\"><\/i><a href=\"https:\/\/www.logikaline.com\/en\/blog\/seventh-leaders-award-for-logikaline\/\"><\/a><\/div><div class=\"eael-entry-thumbnail \">\n                 <img decoding=\"async\" width=\"300\" height=\"114\" src=\"https:\/\/www.logikaline.com\/wp-content\/uploads\/2025\/07\/284_2-300x114.jpg\" class=\"attachment-medium size-medium wp-image-10356\" alt=\"\" srcset=\"https:\/\/www.logikaline.com\/wp-content\/uploads\/2025\/07\/284_2-300x114.jpg 300w, https:\/\/www.logikaline.com\/wp-content\/uploads\/2025\/07\/284_2-768x292.jpg 768w, https:\/\/www.logikaline.com\/wp-content\/uploads\/2025\/07\/284_2.jpg 820w\" sizes=\"(max-width: 300px) 100vw, 300px\" \/>\n             <\/div>\n        <\/div><div class=\"eael-entry-wrapper\"><header class=\"eael-entry-header\"><h3 class=\"eael-entry-title\"><a class=\"eael-grid-post-link\" href=\"https:\/\/www.logikaline.com\/en\/blog\/seventh-leaders-award-for-logikaline\/\" title=\"Seventh Leaders Award for Logikaline\">Seventh Leaders Award for Logikaline<\/a><\/h3><\/header><\/div><\/div>\n        <\/div>\n    <\/article><\/div>\n            <div class=\"clearfix\"><\/div>\n        <\/div>\t\t\t\t<\/div>\n\t\t\t\t<\/div>\n\t\t\t\t\t<\/div>\n\t\t\t\t<\/div>\n\t\t<div id=\"e-n-tab-content-2051120962\" role=\"tabpanel\" aria-labelledby=\"e-n-tab-title-2051120962\" data-tab-index=\"2\" style=\"--n-tabs-title-order: 2;\" class=\" elementor-element elementor-element-5624f43 e-con-full e-flex e-con e-child\" data-id=\"5624f43\" data-element_type=\"container\" data-e-type=\"container\" data-settings=\"{&quot;plus_gsap_animation_type&quot;:&quot;none&quot;}\">\n\t\t\t\t<div class=\"elementor-element elementor-element-b6d037d elementor-grid-eael-col-3 elementor-grid-tablet-eael-col-2 elementor-grid-mobile-eael-col-1 elementor-widget elementor-widget-eael-post-grid\" data-id=\"b6d037d\" data-element_type=\"widget\" data-e-type=\"widget\" data-settings=\"{&quot;eael_post_grid_columns&quot;:&quot;eael-col-3&quot;,&quot;eael_post_grid_columns_tablet&quot;:&quot;eael-col-2&quot;,&quot;eael_post_grid_columns_mobile&quot;:&quot;eael-col-1&quot;,&quot;plus_gsap_animation_type&quot;:&quot;none&quot;}\" data-widget_type=\"eael-post-grid.default\">\n\t\t\t\t<div class=\"elementor-widget-container\">\n\t\t\t\t\t<div id=\"eael-post-grid-b6d037d\" class=\"eael-post-grid-container\">\n            <div class=\"eael-post-grid eael-post-appender eael-post-appender-b6d037d eael-post-grid-style-three\" data-layout-mode=\"grid\"><p class=\"no-posts-found\">No posts found!<\/p><\/div>\n            <div class=\"clearfix\"><\/div>\n        <\/div>\t\t\t\t<\/div>\n\t\t\t\t<\/div>\n\t\t\t\t<\/div>\n\t\t<div id=\"e-n-tab-content-2051120963\" role=\"tabpanel\" aria-labelledby=\"e-n-tab-title-2051120963\" data-tab-index=\"3\" style=\"--n-tabs-title-order: 3;\" class=\" elementor-element elementor-element-cf8633f e-con-full e-flex e-con e-child\" data-id=\"cf8633f\" data-element_type=\"container\" data-e-type=\"container\" data-settings=\"{&quot;plus_gsap_animation_type&quot;:&quot;none&quot;}\">\n\t\t\t\t<div class=\"elementor-element elementor-element-a0f03ff elementor-grid-eael-col-3 elementor-grid-tablet-eael-col-2 elementor-grid-mobile-eael-col-1 elementor-widget elementor-widget-eael-post-grid\" data-id=\"a0f03ff\" data-element_type=\"widget\" data-e-type=\"widget\" data-settings=\"{&quot;eael_post_grid_columns&quot;:&quot;eael-col-3&quot;,&quot;eael_post_grid_columns_tablet&quot;:&quot;eael-col-2&quot;,&quot;eael_post_grid_columns_mobile&quot;:&quot;eael-col-1&quot;,&quot;plus_gsap_animation_type&quot;:&quot;none&quot;}\" data-widget_type=\"eael-post-grid.default\">\n\t\t\t\t<div class=\"elementor-widget-container\">\n\t\t\t\t\t<div id=\"eael-post-grid-a0f03ff\" class=\"eael-post-grid-container\">\n            <div class=\"eael-post-grid eael-post-appender eael-post-appender-a0f03ff eael-post-grid-style-three\" data-layout-mode=\"grid\"><article class=\"eael-grid-post  eael-post-grid-column eael-pg-post-10360 category-events\" data-id=\"10360\">\n        <div class=\"eael-grid-post-holder\">\n            <div class=\"eael-grid-post-holder-inner\"><div class=\"eael-entry-media\"><div class=\"eael-entry-overlay fade-in\"><i class=\"fas fa-long-arrow-alt-right\" aria-hidden=\"true\"><\/i><a href=\"https:\/\/www.logikaline.com\/en\/blog\/a-delegation-made-up-of-representatives-from-the-basque-government-and-various-local-action-groups-lags-from-ireland-poland-and-finland-visited-logikalines-facilities-in-abaltzisketa-on-thursday\/\"><\/a><\/div><div class=\"eael-entry-thumbnail \">\n                 <img loading=\"lazy\" decoding=\"async\" width=\"1128\" height=\"430\" src=\"https:\/\/www.logikaline.com\/wp-content\/uploads\/desarrollo-rural.png\" class=\"attachment-medium size-medium wp-image-10359\" alt=\"\" \/>\n             <\/div>\n        <\/div><div class=\"eael-entry-wrapper\"><header class=\"eael-entry-header\"><h3 class=\"eael-entry-title\"><a class=\"eael-grid-post-link\" href=\"https:\/\/www.logikaline.com\/en\/blog\/a-delegation-made-up-of-representatives-from-the-basque-government-and-various-local-action-groups-lags-from-ireland-poland-and-finland-visited-logikalines-facilities-in-abaltzisketa-on-thursday\/\" title=\"A delegation made up of representatives from the Basque Government and various local action groups (LAGs) from Ireland, Poland and Finland visited Logikaline&#8217;s facilities in Abaltzisketa on Thursday with the aim of seeing first-hand the socio-economic impact that the creation of the Contact Centre has had on the region.\">A delegation made up of representatives from the Basque Government and various local action groups (LAGs) from Ireland, Poland and Finland visited Logikaline&#8217;s facilities in Abaltzisketa on Thursday with the aim of seeing first-hand the socio-economic impact that the creation of the Contact Centre has had on the region.<\/a><\/h3><\/header><\/div><\/div>\n        <\/div>\n    <\/article><article class=\"eael-grid-post  eael-post-grid-column eael-pg-post-10396 category-contact-center-events\" data-id=\"10396\">\n        <div class=\"eael-grid-post-holder\">\n            <div class=\"eael-grid-post-holder-inner\"><div class=\"eael-entry-media\"><div class=\"eael-entry-overlay fade-in\"><i class=\"fas fa-long-arrow-alt-right\" aria-hidden=\"true\"><\/i><a href=\"https:\/\/www.logikaline.com\/en\/blog\/employment-in-contact-centres-grows-by-10-7-and-reaches-its-best-result-in-five-years\/\"><\/a><\/div><div class=\"eael-entry-thumbnail \">\n                 <img loading=\"lazy\" decoding=\"async\" width=\"820\" height=\"312\" src=\"https:\/\/www.logikaline.com\/wp-content\/uploads\/305_2-1.png\" class=\"attachment-medium size-medium wp-image-10395\" alt=\"\" \/>\n             <\/div>\n        <\/div><div class=\"eael-entry-wrapper\"><header class=\"eael-entry-header\"><h3 class=\"eael-entry-title\"><a class=\"eael-grid-post-link\" href=\"https:\/\/www.logikaline.com\/en\/blog\/employment-in-contact-centres-grows-by-10-7-and-reaches-its-best-result-in-five-years\/\" title=\"Employment in contact centres grows by 10.7% and reaches its best result in five years\">Employment in contact centres grows by 10.7% and reaches its best result in five years<\/a><\/h3><\/header><\/div><\/div>\n        <\/div>\n    <\/article><article class=\"eael-grid-post  eael-post-grid-column eael-pg-post-10400 category-events\" data-id=\"10400\">\n        <div class=\"eael-grid-post-holder\">\n            <div class=\"eael-grid-post-holder-inner\"><div class=\"eael-entry-media\"><div class=\"eael-entry-overlay fade-in\"><i class=\"fas fa-long-arrow-alt-right\" aria-hidden=\"true\"><\/i><a href=\"https:\/\/www.logikaline.com\/en\/blog\/gaming-companies-vs-league-companies\/\"><\/a><\/div><div class=\"eael-entry-thumbnail \">\n                 <img loading=\"lazy\" decoding=\"async\" width=\"300\" height=\"114\" src=\"https:\/\/www.logikaline.com\/wp-content\/uploads\/2025\/07\/291_2-300x114.png\" class=\"attachment-medium size-medium wp-image-10399\" alt=\"\" srcset=\"https:\/\/www.logikaline.com\/wp-content\/uploads\/2025\/07\/291_2-300x114.png 300w, https:\/\/www.logikaline.com\/wp-content\/uploads\/2025\/07\/291_2-768x292.png 768w, https:\/\/www.logikaline.com\/wp-content\/uploads\/2025\/07\/291_2.png 820w\" sizes=\"(max-width: 300px) 100vw, 300px\" \/>\n             <\/div>\n        <\/div><div class=\"eael-entry-wrapper\"><header class=\"eael-entry-header\"><h3 class=\"eael-entry-title\"><a class=\"eael-grid-post-link\" href=\"https:\/\/www.logikaline.com\/en\/blog\/gaming-companies-vs-league-companies\/\" title=\"Gaming companies vs. league companies\">Gaming companies vs. league companies<\/a><\/h3><\/header><\/div><\/div>\n        <\/div>\n    <\/article><\/div>\n            <div class=\"clearfix\"><\/div>\n        <\/div>\t\t\t\t<\/div>\n\t\t\t\t<\/div>\n\t\t\t\t<\/div>\n\t\t\t\t\t<\/div>\n\t\t<\/div>\n\t\t\t\t\t\t<\/div>\n\t\t\t\t<\/div>\n\t\t\t\t\t<\/div>\n\t\t\t\t<\/div>\n\t\t\t\t<\/div>\n\t\t","protected":false},"excerpt":{"rendered":"<p>Press room Download your press kit here Awards People Events Logikaline recibe nuevamente el \u00abPremio L\u00edderes\u201d Participamos en la III Edici\u00f3n de los Premios DiarioVasco.com L\u00edderes en servicio 2016 Por cuarto a\u00f1o consecutivo, L\u00edderes en fidelizaci\u00f3n Premio Empresa de servicios de Gipuzkoa Logikaline recibe de la mano de Eroski el Premio L\u00edderes en Fidelizaci\u00f3n por [&hellip;]<\/p>\n","protected":false},"author":1,"featured_media":0,"parent":0,"menu_order":0,"comment_status":"closed","ping_status":"closed","template":"","meta":{"footnotes":""},"class_list":["post-10300","page","type-page","status-publish","hentry"],"_links":{"self":[{"href":"https:\/\/www.logikaline.com\/en\/wp-json\/wp\/v2\/pages\/10300","targetHints":{"allow":["GET"]}}],"collection":[{"href":"https:\/\/www.logikaline.com\/en\/wp-json\/wp\/v2\/pages"}],"about":[{"href":"https:\/\/www.logikaline.com\/en\/wp-json\/wp\/v2\/types\/page"}],"author":[{"embeddable":true,"href":"https:\/\/www.logikaline.com\/en\/wp-json\/wp\/v2\/users\/1"}],"replies":[{"embeddable":true,"href":"https:\/\/www.logikaline.com\/en\/wp-json\/wp\/v2\/comments?post=10300"}],"version-history":[{"count":1,"href":"https:\/\/www.logikaline.com\/en\/wp-json\/wp\/v2\/pages\/10300\/revisions"}],"predecessor-version":[{"id":11817,"href":"https:\/\/www.logikaline.com\/en\/wp-json\/wp\/v2\/pages\/10300\/revisions\/11817"}],"wp:attachment":[{"href":"https:\/\/www.logikaline.com\/en\/wp-json\/wp\/v2\/media?parent=10300"}],"curies":[{"name":"wp","href":"https:\/\/api.w.org\/{rel}","templated":true}]}}