{"id":10736,"date":"2025-12-03T11:50:51","date_gmt":"2025-12-03T10:50:51","guid":{"rendered":"https:\/\/www.logikaline.com\/setores-casos-praticos\/"},"modified":"2026-01-24T21:57:22","modified_gmt":"2026-01-24T20:57:22","slug":"setores-casos-praticos","status":"publish","type":"page","link":"https:\/\/www.logikaline.com\/pt-pt\/setores-casos-praticos\/","title":{"rendered":"setores-casos pr\u00e1ticos"},"content":{"rendered":"\t\t<div data-elementor-type=\"wp-post\" data-elementor-id=\"10736\" class=\"elementor elementor-10736 elementor-8171\" data-elementor-post-type=\"page\">\n\t\t\t\t<div class=\"elementor-element elementor-element-70876f2 e-flex e-con-boxed e-con e-parent\" data-id=\"70876f2\" data-element_type=\"container\" data-e-type=\"container\" data-settings=\"{&quot;background_background&quot;:&quot;classic&quot;,&quot;plus_gsap_animation_type&quot;:&quot;none&quot;}\">\n\t\t\t\t\t<div class=\"e-con-inner\">\n\t\t\t\t<div class=\"elementor-element elementor-element-60da8b8 elementor-widget elementor-widget-heading\" data-id=\"60da8b8\" data-element_type=\"widget\" data-e-type=\"widget\" data-settings=\"{&quot;plus_gsap_animation_type&quot;:&quot;none&quot;}\" data-widget_type=\"heading.default\">\n\t\t\t\t<div class=\"elementor-widget-container\">\n\t\t\t\t\t<h2 class=\"elementor-heading-title elementor-size-default\"><span data-metadata=\"&lt;!--(figmeta)eyJmaWxlS2V5IjoiSmdKTW1mdlNJQTREdERocFpDbk5jWCIsInBhc3RlSUQiOjE2MDgwMTY2NTMsImRhdGFUeXBlIjoic2NlbmUifQo=(\/figmeta)--&gt;\"><\/span>Setores<\/h2>\t\t\t\t<\/div>\n\t\t\t\t<\/div>\n\t\t\t\t\t<\/div>\n\t\t\t\t<\/div>\n\t\t<div class=\"elementor-element elementor-element-66fbe672 e-flex e-con-boxed e-con e-parent\" data-id=\"66fbe672\" data-element_type=\"container\" data-e-type=\"container\" data-settings=\"{&quot;background_background&quot;:&quot;classic&quot;,&quot;plus_gsap_animation_type&quot;:&quot;none&quot;}\">\n\t\t\t\t\t<div class=\"e-con-inner\">\n\t\t\t\t<div class=\"elementor-element elementor-element-14d422c elementor-widget elementor-widget-heading\" data-id=\"14d422c\" data-element_type=\"widget\" data-e-type=\"widget\" data-settings=\"{&quot;plus_gsap_animation_type&quot;:&quot;none&quot;}\" data-widget_type=\"heading.default\">\n\t\t\t\t<div class=\"elementor-widget-container\">\n\t\t\t\t\t<h2 class=\"elementor-heading-title elementor-size-default\">Casos pr\u00e1ticos<\/h2>\t\t\t\t<\/div>\n\t\t\t\t<\/div>\n\t\t\t\t\t<\/div>\n\t\t\t\t<\/div>\n\t\t<div class=\"elementor-element elementor-element-1a02c3a8 e-flex e-con-boxed e-con e-parent\" data-id=\"1a02c3a8\" data-element_type=\"container\" data-e-type=\"container\" data-settings=\"{&quot;background_background&quot;:&quot;classic&quot;,&quot;plus_gsap_animation_type&quot;:&quot;none&quot;}\">\n\t\t\t\t\t<div class=\"e-con-inner\">\n\t\t\t\t\t<\/div>\n\t\t\t\t<\/div>\n\t\t<div class=\"elementor-element elementor-element-35c1c982 e-flex e-con-boxed e-con e-parent\" data-id=\"35c1c982\" data-element_type=\"container\" data-e-type=\"container\" data-settings=\"{&quot;plus_gsap_animation_type&quot;:&quot;none&quot;}\">\n\t\t\t\t\t<div class=\"e-con-inner\">\n\t\t<div class=\"elementor-element elementor-element-3969e95a e-con-full e-flex e-con e-child\" data-id=\"3969e95a\" data-element_type=\"container\" data-e-type=\"container\" data-settings=\"{&quot;plus_gsap_animation_type&quot;:&quot;none&quot;}\">\n\t\t\t\t<div class=\"elementor-element elementor-element-643978e3 elementor-widget elementor-widget-heading\" data-id=\"643978e3\" data-element_type=\"widget\" data-e-type=\"widget\" data-settings=\"{&quot;plus_gsap_animation_type&quot;:&quot;none&quot;}\" data-widget_type=\"heading.default\">\n\t\t\t\t<div class=\"elementor-widget-container\">\n\t\t\t\t\t<h3 class=\"elementor-heading-title elementor-size-default\">Entre em contato<\/h3>\t\t\t\t<\/div>\n\t\t\t\t<\/div>\n\t\t\t\t<div class=\"elementor-element elementor-element-38a8f71c elementor-widget elementor-widget-text-editor\" data-id=\"38a8f71c\" data-element_type=\"widget\" data-e-type=\"widget\" data-settings=\"{&quot;plus_gsap_animation_type&quot;:&quot;none&quot;}\" data-widget_type=\"text-editor.default\">\n\t\t\t\t<div class=\"elementor-widget-container\">\n\t\t\t\t\t\t\t\t\t<p><strong>943 110 022<\/strong><br><strong>info@logikaline.com<\/strong><\/p>\t\t\t\t\t\t\t\t<\/div>\n\t\t\t\t<\/div>\n\t\t\t\t<\/div>\n\t\t<div class=\"elementor-element elementor-element-1f7a6dd0 e-con-full e-flex e-con e-child\" data-id=\"1f7a6dd0\" data-element_type=\"container\" data-e-type=\"container\" data-settings=\"{&quot;plus_gsap_animation_type&quot;:&quot;none&quot;}\">\n\t\t\t\t<div class=\"elementor-element elementor-element-6e55eaad elementor-widget elementor-widget-text-editor\" data-id=\"6e55eaad\" data-element_type=\"widget\" data-e-type=\"widget\" data-settings=\"{&quot;plus_gsap_animation_type&quot;:&quot;none&quot;}\" data-widget_type=\"text-editor.default\">\n\t\t\t\t<div class=\"elementor-widget-container\">\n\t\t\t\t\t\t\t\t\t<p><strong>Quer fazer-nos uma consulta? Deixe-nos algumas informa\u00e7\u00f5es para come\u00e7armos a trabalhar. <\/strong><\/p>\t\t\t\t\t\t\t\t<\/div>\n\t\t\t\t<\/div>\n\t\t\t\t<div class=\"elementor-element elementor-element-307db0bc elementor-widget__width-initial form-sectores elementor-button-align-stretch elementor-widget elementor-widget-form\" data-id=\"307db0bc\" data-element_type=\"widget\" data-e-type=\"widget\" data-settings=\"{&quot;step_next_label&quot;:&quot;Pr\\u00f3ximo&quot;,&quot;step_previous_label&quot;:&quot;Anterior&quot;,&quot;button_width&quot;:&quot;25&quot;,&quot;step_type&quot;:&quot;number_text&quot;,&quot;step_icon_shape&quot;:&quot;circle&quot;,&quot;plus_gsap_animation_type&quot;:&quot;none&quot;}\" data-widget_type=\"form.default\">\n\t\t\t\t<div class=\"elementor-widget-container\">\n\t\t\t\t\t\t\t<form class=\"elementor-form\" method=\"post\" name=\"Novo formul\u00e1rio\" aria-label=\"Novo formul\u00e1rio\">\n\t\t\t<input type=\"hidden\" name=\"post_id\" value=\"10736\"\/>\n\t\t\t<input type=\"hidden\" name=\"form_id\" value=\"307db0bc\"\/>\n\t\t\t<input type=\"hidden\" name=\"referer_title\" value=\"setores-casos pr\u00e1ticos - Logikaline\" \/>\n\n\t\t\t\t\t\t\t<input type=\"hidden\" name=\"queried_id\" value=\"10736\"\/>\n\t\t\t\n\t\t\t<div class=\"elementor-form-fields-wrapper elementor-labels-above\">\n\t\t\t\t\t\t\t\t<div class=\"elementor-field-type-text elementor-field-group elementor-column elementor-field-group-name elementor-col-100\">\n\t\t\t\t\t\t\t\t\t\t\t\t\t<input size=\"1\" type=\"text\" name=\"form_fields[name]\" id=\"form-field-name\" class=\"elementor-field elementor-size-lg  elementor-field-textual\" placeholder=\"Nome\">\n\t\t\t\t\t\t\t\t\t\t\t<\/div>\n\t\t\t\t\t\t\t\t<div class=\"elementor-field-type-email elementor-field-group elementor-column elementor-field-group-email elementor-col-100 elementor-field-required\">\n\t\t\t\t\t\t\t\t\t\t\t\t\t<input size=\"1\" type=\"email\" name=\"form_fields[email]\" id=\"form-field-email\" class=\"elementor-field elementor-size-lg  elementor-field-textual\" placeholder=\"Email\" required=\"required\">\n\t\t\t\t\t\t\t\t\t\t\t<\/div>\n\t\t\t\t\t\t\t\t<div class=\"elementor-field-type-tel elementor-field-group elementor-column elementor-field-group-message elementor-col-100\">\n\t\t\t\t\t\t\t<input size=\"1\" type=\"tel\" name=\"form_fields[message]\" id=\"form-field-message\" class=\"elementor-field elementor-size-lg  elementor-field-textual\" placeholder=\"Telefone\" pattern=\"[0-9()#&amp;+*-=.]+\" title=\"Only numbers and phone characters (#, -, *, etc) are accepted.\">\n\n\t\t\t\t\t\t<\/div>\n\t\t\t\t\t\t\t\t<div class=\"elementor-field-type-email elementor-field-group elementor-column elementor-field-group-field_289c552 elementor-col-100\">\n\t\t\t\t\t\t\t\t\t\t\t\t\t<input size=\"1\" type=\"email\" name=\"form_fields[field_289c552]\" id=\"form-field-field_289c552\" class=\"elementor-field elementor-size-lg  elementor-field-textual\" placeholder=\"E-mail\">\n\t\t\t\t\t\t\t\t\t\t\t<\/div>\n\t\t\t\t\t\t\t\t<div class=\"elementor-field-type-text elementor-field-group elementor-column elementor-field-group-field_df42aad elementor-col-100\">\n\t\t\t\t\t\t\t\t\t\t\t\t\t<input size=\"1\" type=\"text\" name=\"form_fields[field_df42aad]\" id=\"form-field-field_df42aad\" class=\"elementor-field elementor-size-lg  elementor-field-textual\" placeholder=\"Qualquer servi\u00e7o\">\n\t\t\t\t\t\t\t\t\t\t\t<\/div>\n\t\t\t\t\t\t\t\t<div class=\"elementor-field-type-text elementor-field-group elementor-column elementor-field-group-field_aa76290 elementor-col-100\">\n\t\t\t\t\t\t\t\t\t\t\t\t\t<input size=\"1\" type=\"text\" name=\"form_fields[field_aa76290]\" id=\"form-field-field_aa76290\" class=\"elementor-field elementor-size-lg  elementor-field-textual\" placeholder=\"Mensaje\">\n\t\t\t\t\t\t\t\t\t\t\t<\/div>\n\t\t\t\t\t\t\t\t<div class=\"elementor-field-group elementor-column elementor-field-type-submit elementor-col-25 e-form__buttons\">\n\t\t\t\t\t<button class=\"elementor-button elementor-size-sm\" type=\"submit\">\n\t\t\t\t\t\t<span class=\"elementor-button-content-wrapper\">\n\t\t\t\t\t\t\t\t\t\t\t\t\t\t\t\t\t\t\t\t\t\t<span class=\"elementor-button-text\">ENVIAR<\/span>\n\t\t\t\t\t\t\t\t\t\t\t\t\t<\/span>\n\t\t\t\t\t<\/button>\n\t\t\t\t<\/div>\n\t\t\t<\/div>\n\t\t<\/form>\n\t\t\t\t\t\t<\/div>\n\t\t\t\t<\/div>\n\t\t\t\t<\/div>\n\t\t\t\t\t<\/div>\n\t\t\t\t<\/div>\n\t\t\t\t<\/div>\n\t\t","protected":false},"excerpt":{"rendered":"<p>Setores Casos pr\u00e1ticos Entre em contato 943 110 022info@logikaline.com Quer fazer-nos uma consulta? Deixe-nos algumas informa\u00e7\u00f5es para come\u00e7armos a trabalhar.<\/p>\n","protected":false},"author":1,"featured_media":0,"parent":0,"menu_order":0,"comment_status":"closed","ping_status":"closed","template":"","meta":{"footnotes":""},"class_list":["post-10736","page","type-page","status-publish","hentry"],"_links":{"self":[{"href":"https:\/\/www.logikaline.com\/pt-pt\/wp-json\/wp\/v2\/pages\/10736","targetHints":{"allow":["GET"]}}],"collection":[{"href":"https:\/\/www.logikaline.com\/pt-pt\/wp-json\/wp\/v2\/pages"}],"about":[{"href":"https:\/\/www.logikaline.com\/pt-pt\/wp-json\/wp\/v2\/types\/page"}],"author":[{"embeddable":true,"href":"https:\/\/www.logikaline.com\/pt-pt\/wp-json\/wp\/v2\/users\/1"}],"replies":[{"embeddable":true,"href":"https:\/\/www.logikaline.com\/pt-pt\/wp-json\/wp\/v2\/comments?post=10736"}],"version-history":[{"count":2,"href":"https:\/\/www.logikaline.com\/pt-pt\/wp-json\/wp\/v2\/pages\/10736\/revisions"}],"predecessor-version":[{"id":11565,"href":"https:\/\/www.logikaline.com\/pt-pt\/wp-json\/wp\/v2\/pages\/10736\/revisions\/11565"}],"wp:attachment":[{"href":"https:\/\/www.logikaline.com\/pt-pt\/wp-json\/wp\/v2\/media?parent=10736"}],"curies":[{"name":"wp","href":"https:\/\/api.w.org\/{rel}","templated":true}]}}