{"id":10939,"date":"2025-06-10T10:08:30","date_gmt":"2025-06-10T08:08:30","guid":{"rendered":"https:\/\/www.logikaline.com\/canal-etico-2\/"},"modified":"2026-01-20T09:33:22","modified_gmt":"2026-01-20T08:33:22","slug":"canal-etico-2","status":"publish","type":"page","link":"https:\/\/www.logikaline.com\/pt-pt\/canal-etico-2\/","title":{"rendered":"canal \u00e9tico"},"content":{"rendered":"\t\t<div data-elementor-type=\"wp-page\" data-elementor-id=\"10939\" class=\"elementor elementor-10939 elementor-1430\" data-elementor-post-type=\"page\">\n\t\t\t\t<div class=\"elementor-element elementor-element-ef11477 e-flex e-con-boxed e-con e-parent\" data-id=\"ef11477\" data-element_type=\"container\" data-e-type=\"container\" data-settings=\"{&quot;background_background&quot;:&quot;classic&quot;,&quot;plus_gsap_animation_type&quot;:&quot;none&quot;}\">\n\t\t\t\t\t<div class=\"e-con-inner\">\n\t\t\t\t<div class=\"elementor-element elementor-element-835c7fe elementor-widget elementor-widget-heading\" data-id=\"835c7fe\" data-element_type=\"widget\" data-e-type=\"widget\" data-settings=\"{&quot;plus_gsap_animation_type&quot;:&quot;none&quot;}\" data-widget_type=\"heading.default\">\n\t\t\t\t<div class=\"elementor-widget-container\">\n\t\t\t\t\t<h2 class=\"elementor-heading-title elementor-size-default\">Canal \u00e9tico<\/h2>\t\t\t\t<\/div>\n\t\t\t\t<\/div>\n\t\t\t\t\t<\/div>\n\t\t\t\t<\/div>\n\t\t<div class=\"elementor-element elementor-element-634ae0f8 e-flex e-con-boxed e-con e-parent\" data-id=\"634ae0f8\" data-element_type=\"container\" data-e-type=\"container\" data-settings=\"{&quot;plus_gsap_animation_type&quot;:&quot;none&quot;}\">\n\t\t\t\t\t<div class=\"e-con-inner\">\n\t\t\t\t<div class=\"elementor-element elementor-element-516a0d23 elementor-widget elementor-widget-button\" data-id=\"516a0d23\" data-element_type=\"widget\" data-e-type=\"widget\" data-settings=\"{&quot;plus_gsap_animation_type&quot;:&quot;none&quot;}\" data-widget_type=\"button.default\">\n\t\t\t\t<div class=\"elementor-widget-container\">\n\t\t\t\t\t\t\t\t\t<div class=\"elementor-button-wrapper\">\n\t\t\t\t\t<a class=\"elementor-button elementor-button-link elementor-size-sm\" href=\"https:\/\/www.logikaline.com\/pt-pt\/contacte-nos\/\">\n\t\t\t\t\t\t<span class=\"elementor-button-content-wrapper\">\n\t\t\t\t\t\t<span class=\"elementor-button-icon\">\n\t\t\t\t<svg xmlns=\"http:\/\/www.w3.org\/2000\/svg\" width=\"50\" height=\"50\" viewBox=\"0 0 50 50\" fill=\"none\"><path d=\"M2.77734 0.5H12.5C13.7515 0.5 14.7771 1.5259 14.7773 2.77734L14.7832 3.41895C14.8442 6.62152 15.3835 9.79828 16.3838 12.8438V12.8447C16.6201 13.597 16.4746 14.4238 15.9277 15.0518L15.8135 15.1738L9.44434 21.543L9.61035 21.8662C13.685 29.8335 20.1665 36.315 28.1338 40.3896L28.457 40.5557L34.8164 34.1963C35.2822 33.7538 35.8546 33.5274 36.4443 33.5273H36.4629C36.6903 33.5188 36.9177 33.5552 37.1309 33.6348L37.1396 33.6387L37.1484 33.6416C40.31 34.6861 43.7248 35.25 47.2227 35.25C48.474 35.2502 49.4998 36.276 49.5 37.5273V47.2227C49.4998 48.474 48.474 49.4998 47.2227 49.5C21.4155 49.5 0.5 28.5845 0.5 2.77734C0.500237 1.52605 1.52605 0.500237 2.77734 0.5ZM5.13965 5.58984C5.39264 9.30007 6.12348 12.8708 7.27637 16.2451L7.53613 17.0039L11.6455 12.8945L11.5635 12.6113C10.9072 10.3418 10.4964 7.95988 10.332 5.52148L10.3008 5.05566H5.10352L5.13965 5.58984ZM44.9443 39.7275L44.4785 39.6953C42.0683 39.531 39.6859 39.1201 37.3584 38.4629L37.0771 38.3838L36.8701 38.5898L33.5371 41.8945L32.958 42.4688L33.7324 42.7246C37.1312 43.8481 40.6999 44.579 44.4102 44.832L44.9443 44.8682V39.7275Z\" fill=\"#7BB800\" stroke=\"#BCDB7F\"><\/path><\/svg>\t\t\t<\/span>\n\t\t\t\t\t\t\t\t\t<span class=\"elementor-button-text\">contacto connosco<\/span>\n\t\t\t\t\t<\/span>\n\t\t\t\t\t<\/a>\n\t\t\t\t<\/div>\n\t\t\t\t\t\t\t\t<\/div>\n\t\t\t\t<\/div>\n\t\t\t\t<div class=\"elementor-element elementor-element-3724087e elementor-widget elementor-widget-button\" data-id=\"3724087e\" data-element_type=\"widget\" data-e-type=\"widget\" data-settings=\"{&quot;plus_gsap_animation_type&quot;:&quot;none&quot;}\" data-widget_type=\"button.default\">\n\t\t\t\t<div class=\"elementor-widget-container\">\n\t\t\t\t\t\t\t\t\t<div class=\"elementor-button-wrapper\">\n\t\t\t\t\t<a class=\"elementor-button elementor-button-link elementor-size-sm\" href=\"https:\/\/www.logikaline.com\/pt-pt\/atendimento-ao-cliente\/\">\n\t\t\t\t\t\t<span class=\"elementor-button-content-wrapper\">\n\t\t\t\t\t\t<span class=\"elementor-button-icon\">\n\t\t\t\t<svg xmlns=\"http:\/\/www.w3.org\/2000\/svg\" width=\"43\" height=\"50\" viewBox=\"0 0 43 50\" fill=\"none\"><path d=\"M43 50H39.9286C39.9286 48.2747 39.7126 46.6146 39.2807 45.0195C38.8488 43.4245 38.2249 41.9352 37.409 40.5518C36.5932 39.1683 35.6334 37.8988 34.5296 36.7432C33.4258 35.5876 32.186 34.611 30.8103 33.8135C29.4345 33.0159 27.9628 32.3893 26.3951 31.9336C24.8274 31.4779 23.1957 31.25 21.5 31.25C19.8043 31.25 18.1726 31.4697 16.6049 31.9092C15.0372 32.3486 13.5735 32.9834 12.2137 33.8135C10.854 34.6436 9.60621 35.6201 8.47042 36.7432C7.33464 37.8662 6.37481 39.1276 5.59096 40.5273C4.80711 41.9271 4.19122 43.4245 3.7433 45.0195C3.29539 46.6146 3.07143 48.2747 3.07143 50H0C0 47.64 0.335938 45.3939 1.00781 43.2617C1.67969 41.1296 2.64751 39.1764 3.91127 37.4023C5.17504 35.6283 6.67076 34.0576 8.39844 32.6904C10.1261 31.3232 12.0778 30.2246 14.2533 29.3945C12.2697 28.304 10.59 26.8392 9.21429 25H7.67857C7.03869 25 6.4388 24.8779 5.87891 24.6338C5.31901 24.3896 4.8311 24.056 4.41518 23.6328C3.99926 23.2096 3.67132 22.7132 3.43136 22.1436C3.19141 21.5739 3.07143 20.9635 3.07143 20.3125V14.0625C3.07143 13.444 3.18341 12.8581 3.40737 12.3047C3.63132 11.7513 3.93527 11.263 4.3192 10.8398C4.70312 10.4167 5.16704 10.0749 5.71094 9.81445C6.25484 9.55404 6.82273 9.40755 7.41462 9.375C8.0385 7.94271 8.83036 6.64876 9.79018 5.49316C10.75 4.33756 11.8458 3.35286 13.0776 2.53906C14.3093 1.72526 15.6371 1.09863 17.0608 0.65918C18.4846 0.219727 19.9643 0 21.5 0C23.0357 0 24.5154 0.219727 25.9392 0.65918C27.3629 1.09863 28.6827 1.72526 29.8984 2.53906C31.1142 3.35286 32.21 4.33756 33.1858 5.49316C34.1616 6.64876 34.9615 7.94271 35.5854 9.375C36.1933 9.40755 36.7612 9.55404 37.2891 9.81445C37.817 10.0749 38.2729 10.4167 38.6568 10.8398C39.0407 11.263 39.3527 11.7513 39.5926 12.3047C39.8326 12.8581 39.9446 13.444 39.9286 14.0625V20.3125C39.9286 20.9635 39.8086 21.5739 39.5686 22.1436C39.3287 22.7132 39.0007 23.2096 38.5848 23.6328C38.1689 24.056 37.681 24.3896 37.1211 24.6338C36.5612 24.8779 35.9613 25 35.3214 25C34.8415 25 34.3856 24.9268 33.9537 24.7803C33.2658 25.7406 32.49 26.6113 31.6261 27.3926C30.7623 28.1738 29.8025 28.8411 28.7467 29.3945C30.8903 30.2246 32.8339 31.3151 34.5776 32.666C36.3212 34.0169 37.825 35.5876 39.0887 37.3779C40.3525 39.1683 41.3123 41.1296 41.9682 43.2617C42.6241 45.3939 42.968 47.64 43 50ZM36.8571 14.0625C36.8571 13.6393 36.7052 13.2731 36.4012 12.9639C36.0973 12.6546 35.7374 12.5 35.3214 12.5C34.9055 12.5 34.5456 12.6546 34.2416 12.9639C33.9377 13.2731 33.7857 13.6393 33.7857 14.0625V20.3125C33.7857 20.7357 33.9377 21.1019 34.2416 21.4111C34.5456 21.7204 34.9055 21.875 35.3214 21.875C35.7374 21.875 36.0973 21.7204 36.4012 21.4111C36.7052 21.1019 36.8571 20.7357 36.8571 20.3125V14.0625ZM6.14286 20.3125C6.14286 20.7357 6.29483 21.1019 6.59877 21.4111C6.90272 21.7204 7.26265 21.875 7.67857 21.875H9.21429V14.0625C9.21429 13.6393 9.06231 13.2731 8.75837 12.9639C8.45443 12.6546 8.09449 12.5 7.67857 12.5C7.26265 12.5 6.90272 12.6546 6.59877 12.9639C6.29483 13.2731 6.14286 13.6393 6.14286 14.0625V20.3125ZM13.3655 25C14.4853 26.0091 15.7411 26.7822 17.1328 27.3193C18.5246 27.8564 19.9803 28.125 21.5 28.125C22.4918 28.125 23.4596 28.0111 24.4035 27.7832C25.3473 27.5553 26.2431 27.2135 27.091 26.7578C27.9388 26.3021 28.7387 25.7568 29.4905 25.1221C30.2424 24.4873 30.9062 23.7467 31.4821 22.9004C31.2262 22.526 31.0342 22.1191 30.9062 21.6797C30.7783 21.2402 30.7143 20.7845 30.7143 20.3125V14.0625C30.7143 13.3138 30.8743 12.6058 31.1942 11.9385C31.5141 11.2712 31.986 10.7178 32.6099 10.2783C32.098 9.18783 31.4581 8.20312 30.6903 7.32422C29.9224 6.44531 29.0506 5.69661 28.0748 5.07812C27.099 4.45964 26.0592 3.97949 24.9554 3.6377C23.8516 3.2959 22.6998 3.125 21.5 3.125C20.3162 3.125 19.1644 3.28776 18.0446 3.61328C16.9249 3.9388 15.885 4.41895 14.9252 5.05371C13.9654 5.68848 13.1016 6.44531 12.3337 7.32422C11.5658 8.20312 10.918 9.18783 10.3901 10.2783C10.998 10.7178 11.4619 11.2712 11.7818 11.9385C12.1017 12.6058 12.2697 13.3138 12.2857 14.0625V21.875H15.3571C15.3571 21.4355 15.4371 21.0286 15.5971 20.6543C15.7571 20.2799 15.973 19.9544 16.245 19.6777C16.5169 19.401 16.8449 19.1732 17.2288 18.9941C17.6127 18.8151 18.0126 18.7337 18.4286 18.75C18.8605 18.75 19.2604 18.8314 19.6283 18.9941C19.9963 19.1569 20.3162 19.3766 20.5882 19.6533C20.8601 19.93 21.0841 20.2637 21.26 20.6543C21.436 21.0449 21.516 21.4518 21.5 21.875C21.5 22.3145 21.42 22.7214 21.26 23.0957C21.1001 23.4701 20.8841 23.7956 20.6122 24.0723C20.3402 24.349 20.0123 24.5768 19.6283 24.7559C19.2444 24.9349 18.8445 25.0163 18.4286 25H13.3655Z\" fill=\"#7BB800\"><\/path><\/svg>\t\t\t<\/span>\n\t\t\t\t\t\t\t\t\t<span class=\"elementor-button-text\">Atendimento ao cliente<\/span>\n\t\t\t\t\t<\/span>\n\t\t\t\t\t<\/a>\n\t\t\t\t<\/div>\n\t\t\t\t\t\t\t\t<\/div>\n\t\t\t\t<\/div>\n\t\t\t\t<div class=\"elementor-element elementor-element-28634ea5 elementor-widget elementor-widget-button\" data-id=\"28634ea5\" data-element_type=\"widget\" data-e-type=\"widget\" data-settings=\"{&quot;plus_gsap_animation_type&quot;:&quot;none&quot;}\" data-widget_type=\"button.default\">\n\t\t\t\t<div class=\"elementor-widget-container\">\n\t\t\t\t\t\t\t\t\t<div class=\"elementor-button-wrapper\">\n\t\t\t\t\t<a class=\"elementor-button elementor-button-link elementor-size-sm\" href=\"https:\/\/www.logikaline.com\/pt-pt\/canal-etico-2\/\">\n\t\t\t\t\t\t<span class=\"elementor-button-content-wrapper\">\n\t\t\t\t\t\t<span class=\"elementor-button-icon\">\n\t\t\t\t<svg xmlns=\"http:\/\/www.w3.org\/2000\/svg\" width=\"68\" height=\"54\" viewBox=\"0 0 68 54\" fill=\"none\"><path d=\"M26.6154 39.5L14.3077 12L2 39.5M26.6154 39.5C26.6154 42.8152 25.3187 45.9946 23.0105 48.3388C20.7024 50.683 17.5719 52 14.3077 52C11.0435 52 7.91298 50.683 5.60484 48.3388C3.2967 45.9946 2 42.8152 2 39.5M26.6154 39.5H2M66 39.5L53.6923 12L41.3846 39.5M66 39.5C66 42.8152 64.7033 45.9946 62.3952 48.3388C60.087 50.683 56.9565 52 53.6923 52C50.4281 52 47.2976 50.683 44.9895 48.3388C42.6813 45.9946 41.3846 42.8152 41.3846 39.5M66 39.5H41.3846M6.92308 12H61.0769M34 12V2\" stroke=\"#7BB800\" stroke-width=\"3\" stroke-linecap=\"round\" stroke-linejoin=\"round\"><\/path><\/svg>\t\t\t<\/span>\n\t\t\t\t\t\t\t\t\t<span class=\"elementor-button-text\">Canal de den\u00fancias<\/span>\n\t\t\t\t\t<\/span>\n\t\t\t\t\t<\/a>\n\t\t\t\t<\/div>\n\t\t\t\t\t\t\t\t<\/div>\n\t\t\t\t<\/div>\n\t\t\t\t\t<\/div>\n\t\t\t\t<\/div>\n\t\t<div class=\"elementor-element elementor-element-c18fefb e-flex e-con-boxed e-con e-parent\" data-id=\"c18fefb\" data-element_type=\"container\" data-e-type=\"container\" data-settings=\"{&quot;plus_gsap_animation_type&quot;:&quot;none&quot;}\">\n\t\t\t\t\t<div class=\"e-con-inner\">\n\t\t<div class=\"elementor-element elementor-element-fbf7fef e-con-full e-flex e-con e-child\" data-id=\"fbf7fef\" data-element_type=\"container\" data-e-type=\"container\" data-settings=\"{&quot;plus_gsap_animation_type&quot;:&quot;none&quot;}\">\n\t\t\t\t<div class=\"elementor-element elementor-element-60383af elementor-widget elementor-widget-text-editor\" data-id=\"60383af\" data-element_type=\"widget\" data-e-type=\"widget\" id=\"canal-denuncias\" data-settings=\"{&quot;plus_gsap_animation_type&quot;:&quot;none&quot;}\" data-widget_type=\"text-editor.default\">\n\t\t\t\t<div class=\"elementor-widget-container\">\n\t\t\t\t\t\t\t\t\t<p>Logikaline Canal de den\u00fancias<br>Como funcion\u00e1rio, pode comunicar assuntos graves de forma an\u00f3nima ou se tiver suspeitas razo\u00e1veis sobre tais assuntos.<\/p><p>Den\u00fancia an\u00f3nima de assuntos graves<br>Atrav\u00e9s desta p\u00e1gina, pode enviar informa\u00e7\u00f5es sobre assuntos repreens\u00edveis ou denunciar a\u00e7\u00f5es anti\u00e9ticas, ilegais ou que violem as pol\u00edticas internas. Este sistema deve ser utilizado para trazer \u00e0 luz assuntos que de outra forma n\u00e3o teriam vindo \u00e0 tona. <\/p><p>Pode fazer a den\u00fancia de forma confidencial, indicando o nome e as informa\u00e7\u00f5es de contacto ou, se desejar, de forma 100% an\u00f3nima.Todas as consultas s\u00e3o tratadas de forma confidencial e segura.<\/p><p><strong>Assuntos relacionados com RH<\/strong><\/p><p>A partir desta p\u00e1gina, pode fazer uma nova den\u00fancia segura ou acompanhar uma den\u00fancia existente.<\/p><p>O acompanhamento das suas den\u00fancias pode ser relevante por v\u00e1rios motivos:<br>1) Deseja ver o estado da sua den\u00fancia para verificar se est\u00e3o a ser tomadas medidas.<br>2) Deseja fornecer informa\u00e7\u00f5es adicionais \u00e0 sua den\u00fancia.<br>3) Os administradores do sistema solicitaram-lhe informa\u00e7\u00f5es adicionais para os ajudar a resolver o problema ou tomar as medidas adequadas<\/p><p>Pode obter mais informa\u00e7\u00f5es sobre a Lei de Prote\u00e7\u00e3o ao Denunciante ou Lei de Den\u00fancias na Espanha <a href=\"https:\/\/whistleblowersoftware.com\/es\/ley-whistleblowing\/#whistleblower\" target=\"_blank\" rel=\"noopener\">aqui<\/a>.<\/p><p>Leia as informa\u00e7\u00f5es relevantes antes de enviar a sua comunica\u00e7\u00e3o no canal <a href=\"https:\/\/whistleblowersoftware.com\/es\/canal-de-denuncias\/#whistleblower\" target=\"_blank\" rel=\"noopener\">aqui<\/a>.<\/p>\t\t\t\t\t\t\t\t<\/div>\n\t\t\t\t<\/div>\n\t\t\t\t<\/div>\n\t\t\t\t\t<\/div>\n\t\t\t\t<\/div>\n\t\t<div class=\"elementor-element elementor-element-848cc9f e-flex e-con-boxed e-con e-parent\" data-id=\"848cc9f\" data-element_type=\"container\" data-e-type=\"container\" data-settings=\"{&quot;plus_gsap_animation_type&quot;:&quot;none&quot;}\">\n\t\t\t\t\t<div class=\"e-con-inner\">\n\t\t\t\t<div class=\"elementor-element elementor-element-2d7ccc3 elementor-widget elementor-widget-button\" data-id=\"2d7ccc3\" data-element_type=\"widget\" data-e-type=\"widget\" data-settings=\"{&quot;plus_gsap_animation_type&quot;:&quot;none&quot;}\" data-widget_type=\"button.default\">\n\t\t\t\t<div class=\"elementor-widget-container\">\n\t\t\t\t\t\t\t\t\t<div class=\"elementor-button-wrapper\">\n\t\t\t\t\t<a class=\"elementor-button elementor-button-link elementor-size-sm\" href=\"https:\/\/www.logikaline.com\/pt-pt\/caixa-de-consultas\/\">\n\t\t\t\t\t\t<span class=\"elementor-button-content-wrapper\">\n\t\t\t\t\t\t<span class=\"elementor-button-icon\">\n\t\t\t\t<svg xmlns=\"http:\/\/www.w3.org\/2000\/svg\" width=\"50\" height=\"50\" viewBox=\"0 0 50 50\" fill=\"none\"><path d=\"M2.77734 0.5H12.5C13.7515 0.5 14.7771 1.5259 14.7773 2.77734L14.7832 3.41895C14.8442 6.62152 15.3835 9.79828 16.3838 12.8438V12.8447C16.6201 13.597 16.4746 14.4238 15.9277 15.0518L15.8135 15.1738L9.44434 21.543L9.61035 21.8662C13.685 29.8335 20.1665 36.315 28.1338 40.3896L28.457 40.5557L34.8164 34.1963C35.2822 33.7538 35.8546 33.5274 36.4443 33.5273H36.4629C36.6903 33.5188 36.9177 33.5552 37.1309 33.6348L37.1396 33.6387L37.1484 33.6416C40.31 34.6861 43.7248 35.25 47.2227 35.25C48.474 35.2502 49.4998 36.276 49.5 37.5273V47.2227C49.4998 48.474 48.474 49.4998 47.2227 49.5C21.4155 49.5 0.5 28.5845 0.5 2.77734C0.500237 1.52605 1.52605 0.500237 2.77734 0.5ZM5.13965 5.58984C5.39264 9.30007 6.12348 12.8708 7.27637 16.2451L7.53613 17.0039L11.6455 12.8945L11.5635 12.6113C10.9072 10.3418 10.4964 7.95988 10.332 5.52148L10.3008 5.05566H5.10352L5.13965 5.58984ZM44.9443 39.7275L44.4785 39.6953C42.0683 39.531 39.6859 39.1201 37.3584 38.4629L37.0771 38.3838L36.8701 38.5898L33.5371 41.8945L32.958 42.4688L33.7324 42.7246C37.1312 43.8481 40.6999 44.579 44.4102 44.832L44.9443 44.8682V39.7275Z\" fill=\"#7BB800\" stroke=\"#BCDB7F\"><\/path><\/svg>\t\t\t<\/span>\n\t\t\t\t\t\t\t\t\t<span class=\"elementor-button-text\">Caixa de consultas<\/span>\n\t\t\t\t\t<\/span>\n\t\t\t\t\t<\/a>\n\t\t\t\t<\/div>\n\t\t\t\t\t\t\t\t<\/div>\n\t\t\t\t<\/div>\n\t\t\t\t\t<\/div>\n\t\t\t\t<\/div>\n\t\t\t\t<\/div>\n\t\t","protected":false},"excerpt":{"rendered":"<p>Canal \u00e9tico contacto connosco Atendimento ao cliente Canal de den\u00fancias Logikaline Canal de den\u00fanciasComo funcion\u00e1rio, pode comunicar assuntos graves de forma an\u00f3nima ou se tiver suspeitas razo\u00e1veis sobre tais assuntos. Den\u00fancia an\u00f3nima de assuntos gravesAtrav\u00e9s desta p\u00e1gina, pode enviar informa\u00e7\u00f5es sobre assuntos repreens\u00edveis ou denunciar a\u00e7\u00f5es anti\u00e9ticas, ilegais ou que violem as pol\u00edticas internas. Este [&hellip;]<\/p>\n","protected":false},"author":1,"featured_media":0,"parent":0,"menu_order":0,"comment_status":"closed","ping_status":"closed","template":"elementor_header_footer","meta":{"footnotes":""},"class_list":["post-10939","page","type-page","status-publish","hentry"],"_links":{"self":[{"href":"https:\/\/www.logikaline.com\/pt-pt\/wp-json\/wp\/v2\/pages\/10939","targetHints":{"allow":["GET"]}}],"collection":[{"href":"https:\/\/www.logikaline.com\/pt-pt\/wp-json\/wp\/v2\/pages"}],"about":[{"href":"https:\/\/www.logikaline.com\/pt-pt\/wp-json\/wp\/v2\/types\/page"}],"author":[{"embeddable":true,"href":"https:\/\/www.logikaline.com\/pt-pt\/wp-json\/wp\/v2\/users\/1"}],"replies":[{"embeddable":true,"href":"https:\/\/www.logikaline.com\/pt-pt\/wp-json\/wp\/v2\/comments?post=10939"}],"version-history":[{"count":0,"href":"https:\/\/www.logikaline.com\/pt-pt\/wp-json\/wp\/v2\/pages\/10939\/revisions"}],"wp:attachment":[{"href":"https:\/\/www.logikaline.com\/pt-pt\/wp-json\/wp\/v2\/media?parent=10939"}],"curies":[{"name":"wp","href":"https:\/\/api.w.org\/{rel}","templated":true}]}}