{"id":8832,"date":"2025-06-24T09:37:31","date_gmt":"2025-06-24T07:37:31","guid":{"rendered":"https:\/\/www.logikaline.com\/fintech\/"},"modified":"2026-01-24T18:59:15","modified_gmt":"2026-01-24T17:59:15","slug":"fintech","status":"publish","type":"page","link":"https:\/\/www.logikaline.com\/pt-pt\/fintech\/","title":{"rendered":"Fintech"},"content":{"rendered":"\t\t<div data-elementor-type=\"wp-page\" data-elementor-id=\"8832\" class=\"elementor elementor-8832 elementor-2702\" data-elementor-post-type=\"page\">\n\t\t\t\t<div class=\"elementor-element elementor-element-d2f68dd e-flex e-con-boxed e-con e-parent\" data-id=\"d2f68dd\" data-element_type=\"container\" data-e-type=\"container\" data-settings=\"{&quot;background_background&quot;:&quot;classic&quot;,&quot;plus_gsap_animation_type&quot;:&quot;none&quot;}\">\n\t\t\t\t\t<div class=\"e-con-inner\">\n\t\t\t\t<div class=\"elementor-element elementor-element-c68b33a elementor-widget elementor-widget-heading\" data-id=\"c68b33a\" data-element_type=\"widget\" data-e-type=\"widget\" data-settings=\"{&quot;plus_gsap_animation_type&quot;:&quot;none&quot;}\" data-widget_type=\"heading.default\">\n\t\t\t\t<div class=\"elementor-widget-container\">\n\t\t\t\t\t<h2 class=\"elementor-heading-title elementor-size-default\">Fintech<\/h2>\t\t\t\t<\/div>\n\t\t\t\t<\/div>\n\t\t\t\t\t<\/div>\n\t\t\t\t<\/div>\n\t\t<div class=\"elementor-element elementor-element-ad18959 e-flex e-con-boxed e-con e-parent\" data-id=\"ad18959\" data-element_type=\"container\" data-e-type=\"container\" data-settings=\"{&quot;background_background&quot;:&quot;classic&quot;,&quot;plus_gsap_animation_type&quot;:&quot;none&quot;}\">\n\t\t\t\t\t<div class=\"e-con-inner\">\n\t\t<div class=\"elementor-element elementor-element-e7998fb e-con-full e-flex e-con e-child\" data-id=\"e7998fb\" data-element_type=\"container\" data-e-type=\"container\" data-settings=\"{&quot;plus_gsap_animation_type&quot;:&quot;none&quot;}\">\n\t\t\t\t<div class=\"elementor-element elementor-element-c8f9130 elementor-widget elementor-widget-heading\" data-id=\"c8f9130\" data-element_type=\"widget\" data-e-type=\"widget\" data-settings=\"{&quot;plus_gsap_animation_type&quot;:&quot;none&quot;}\" data-widget_type=\"heading.default\">\n\t\t\t\t<div class=\"elementor-widget-container\">\n\t\t\t\t\t<h2 class=\"elementor-heading-title elementor-size-default\">Oferecemos um atendimento \u00e1gil, seguro e altamente digitalizado<\/h2>\t\t\t\t<\/div>\n\t\t\t\t<\/div>\n\t\t\t\t<div class=\"elementor-element elementor-element-3d321c2 elementor-widget elementor-widget-text-editor\" data-id=\"3d321c2\" data-element_type=\"widget\" data-e-type=\"widget\" data-settings=\"{&quot;plus_gsap_animation_type&quot;:&quot;none&quot;}\" data-widget_type=\"text-editor.default\">\n\t\t\t\t<div class=\"elementor-widget-container\">\n\t\t\t\t\t\t\t\t\t<p>alinhado com a inova\u00e7\u00e3o e a imediatidade que se espera do setor. Analisamos passo a passo a jornada do cliente, desde a ativa\u00e7\u00e3o de contas at\u00e9 a resolu\u00e7\u00e3o de incidentes, e contamos com agentes especialistas em experi\u00eancia do usu\u00e1rio e seguran\u00e7a da informa\u00e7\u00e3o.  <\/p><p>Controlamos a rastreabilidade total da rela\u00e7\u00e3o com o cliente e garantimos a m\u00e1xima seguran\u00e7a dos dados, al\u00e9m de uma experi\u00eancia fluida que inspire confian\u00e7a em um ambiente 100% digital. <\/p>\t\t\t\t\t\t\t\t<\/div>\n\t\t\t\t<\/div>\n\t\t\t\t<\/div>\n\t\t<div class=\"elementor-element elementor-element-26debfa e-con-full e-flex e-con e-child\" data-id=\"26debfa\" data-element_type=\"container\" data-e-type=\"container\" data-settings=\"{&quot;plus_gsap_animation_type&quot;:&quot;none&quot;}\">\n\t\t<div class=\"elementor-element elementor-element-cc3bfba e-con-full e-flex e-con e-child\" data-id=\"cc3bfba\" data-element_type=\"container\" data-e-type=\"container\" data-settings=\"{&quot;plus_gsap_animation_type&quot;:&quot;none&quot;}\">\n\t\t\t\t<div class=\"elementor-element elementor-element-295ec38 elementor-widget elementor-widget-image\" data-id=\"295ec38\" data-element_type=\"widget\" data-e-type=\"widget\" data-settings=\"{&quot;plus_gsap_animation_type&quot;:&quot;none&quot;}\" data-widget_type=\"image.default\">\n\t\t\t\t<div class=\"elementor-widget-container\">\n\t\t\t\t\t\t\t\t\t\t\t\t\t\t\t<img decoding=\"async\" src=\"https:\/\/www.logikaline.com\/wp-content\/uploads\/elementor\/thumbs\/DSC_3121-rf19vrpqivx92dubyepn2nfbf9m4e4eecr8wj66iyw.png\" title=\"DSC_3121\" alt=\"DSC_3121\" loading=\"lazy\" \/>\t\t\t\t\t\t\t\t\t\t\t\t\t\t\t<\/div>\n\t\t\t\t<\/div>\n\t\t\t\t<\/div>\n\t\t\t\t<\/div>\n\t\t\t\t\t<\/div>\n\t\t\t\t<\/div>\n\t\t<div class=\"elementor-element elementor-element-c38b231 e-flex e-con-boxed e-con e-parent\" data-id=\"c38b231\" data-element_type=\"container\" data-e-type=\"container\" data-settings=\"{&quot;background_background&quot;:&quot;classic&quot;,&quot;plus_gsap_animation_type&quot;:&quot;none&quot;}\">\n\t\t\t\t\t<div class=\"e-con-inner\">\n\t\t<div class=\"elementor-element elementor-element-6146bda e-con-full e-flex e-con e-child\" data-id=\"6146bda\" data-element_type=\"container\" data-e-type=\"container\" data-settings=\"{&quot;plus_gsap_animation_type&quot;:&quot;none&quot;}\">\n\t\t\t\t<div class=\"elementor-element elementor-element-58b781f elementor-widget elementor-widget-heading\" data-id=\"58b781f\" data-element_type=\"widget\" data-e-type=\"widget\" data-settings=\"{&quot;plus_gsap_animation_type&quot;:&quot;none&quot;}\" data-widget_type=\"heading.default\">\n\t\t\t\t<div class=\"elementor-widget-container\">\n\t\t\t\t\t<h2 class=\"elementor-heading-title elementor-size-default\">Solu\u00e7\u00f5es 360<\/h2>\t\t\t\t<\/div>\n\t\t\t\t<\/div>\n\t\t\t\t<div class=\"elementor-element elementor-element-77a2b49 elementor-widget elementor-widget-text-editor\" data-id=\"77a2b49\" data-element_type=\"widget\" data-e-type=\"widget\" data-settings=\"{&quot;plus_gsap_animation_type&quot;:&quot;none&quot;}\" data-widget_type=\"text-editor.default\">\n\t\t\t\t<div class=\"elementor-widget-container\">\n\t\t\t\t\t\t\t\t\tCampanhas de emiss\u00e3o.<br><br><br>Fideliza\u00e7\u00e3o.<br><br><br>Backoffice.<br><br><br>Social listening.\t\t\t\t\t\t\t\t<\/div>\n\t\t\t\t<\/div>\n\t\t\t\t<\/div>\n\t\t<div class=\"elementor-element elementor-element-f2b5d1b e-con-full e-flex e-con e-child\" data-id=\"f2b5d1b\" data-element_type=\"container\" data-e-type=\"container\" data-settings=\"{&quot;plus_gsap_animation_type&quot;:&quot;none&quot;}\">\n\t\t\t\t<div class=\"elementor-element elementor-element-f9761ef elementor-widget elementor-widget-heading\" data-id=\"f9761ef\" data-element_type=\"widget\" data-e-type=\"widget\" data-settings=\"{&quot;plus_gsap_animation_type&quot;:&quot;none&quot;}\" data-widget_type=\"heading.default\">\n\t\t\t\t<div class=\"elementor-widget-container\">\n\t\t\t\t\t<h2 class=\"elementor-heading-title elementor-size-default\">Capacidades<\/h2>\t\t\t\t<\/div>\n\t\t\t\t<\/div>\n\t\t\t\t<div class=\"elementor-element elementor-element-3b01246 elementor-widget elementor-widget-text-editor\" data-id=\"3b01246\" data-element_type=\"widget\" data-e-type=\"widget\" data-settings=\"{&quot;plus_gsap_animation_type&quot;:&quot;none&quot;}\" data-widget_type=\"text-editor.default\">\n\t\t\t\t<div class=\"elementor-widget-container\">\n\t\t\t\t\t\t\t\t\t<p>Atendimento 24 horas. <br><br>Suporte multilingue. <br><br>Equipo IT. <br><br>Marketing. <br><br>Customer journey.<\/p>\t\t\t\t\t\t\t\t<\/div>\n\t\t\t\t<\/div>\n\t\t\t\t<\/div>\n\t\t<div class=\"elementor-element elementor-element-1dee43b e-con-full e-flex e-con e-child\" data-id=\"1dee43b\" data-element_type=\"container\" data-e-type=\"container\" data-settings=\"{&quot;plus_gsap_animation_type&quot;:&quot;none&quot;}\">\n\t\t\t\t<div class=\"elementor-element elementor-element-f3b161a elementor-widget elementor-widget-heading\" data-id=\"f3b161a\" data-element_type=\"widget\" data-e-type=\"widget\" data-settings=\"{&quot;plus_gsap_animation_type&quot;:&quot;none&quot;}\" data-widget_type=\"heading.default\">\n\t\t\t\t<div class=\"elementor-widget-container\">\n\t\t\t\t\t<h2 class=\"elementor-heading-title elementor-size-default\">Experi\u00eancia do cliente<\/h2>\t\t\t\t<\/div>\n\t\t\t\t<\/div>\n\t\t\t\t<div class=\"elementor-element elementor-element-2561f59 elementor-widget elementor-widget-text-editor\" data-id=\"2561f59\" data-element_type=\"widget\" data-e-type=\"widget\" data-settings=\"{&quot;plus_gsap_animation_type&quot;:&quot;none&quot;}\" data-widget_type=\"text-editor.default\">\n\t\t\t\t<div class=\"elementor-widget-container\">\n\t\t\t\t\t\t\t\t\tInqu\u00e9ritos de qualidade.<br>\nNPS.\n\nSentiment.<br><br>Equipa de especialistas com ampla experi\u00eancia.<br><br>N\u00edvel de atendimento (para diferentes canais): + 97% <br>Resolu\u00e7\u00e3o no primeiro contato: 95%<br>Tempo m\u00e9dio de espera no chat &lt;10 seg \t\t\t\t\t\t\t\t<\/div>\n\t\t\t\t<\/div>\n\t\t\t\t<\/div>\n\t\t\t\t\t<\/div>\n\t\t\t\t<\/div>\n\t\t<div class=\"elementor-element elementor-element-f7ab7de e-flex e-con-boxed e-con e-parent\" data-id=\"f7ab7de\" data-element_type=\"container\" data-e-type=\"container\" data-settings=\"{&quot;plus_gsap_animation_type&quot;:&quot;none&quot;}\">\n\t\t\t\t\t<div class=\"e-con-inner\">\n\t\t\t\t<div class=\"elementor-element elementor-element-34cdcbd elementor-widget elementor-widget-heading\" data-id=\"34cdcbd\" data-element_type=\"widget\" data-e-type=\"widget\" data-settings=\"{&quot;plus_gsap_animation_type&quot;:&quot;none&quot;}\" data-widget_type=\"heading.default\">\n\t\t\t\t<div class=\"elementor-widget-container\">\n\t\t\t\t\t<h3 class=\"elementor-heading-title elementor-size-default\">Casos pr\u00e1ticos<\/h3>\t\t\t\t<\/div>\n\t\t\t\t<\/div>\n\t\t\t\t\t<\/div>\n\t\t\t\t<\/div>\n\t\t<div class=\"elementor-element elementor-element-c522478 e-flex e-con-boxed e-con e-parent\" data-id=\"c522478\" data-element_type=\"container\" data-e-type=\"container\" data-settings=\"{&quot;plus_gsap_animation_type&quot;:&quot;none&quot;}\">\n\t\t\t\t\t<div class=\"e-con-inner\">\n\t\t\t\t\t<\/div>\n\t\t\t\t<\/div>\n\t\t<div class=\"elementor-element elementor-element-43d1a33 e-flex e-con-boxed e-con e-parent\" data-id=\"43d1a33\" data-element_type=\"container\" data-e-type=\"container\" data-settings=\"{&quot;plus_gsap_animation_type&quot;:&quot;none&quot;}\">\n\t\t\t\t\t<div class=\"e-con-inner\">\n\t\t<div class=\"elementor-element elementor-element-b914bd1 e-con-full e-flex e-con e-child\" data-id=\"b914bd1\" data-element_type=\"container\" data-e-type=\"container\" data-settings=\"{&quot;plus_gsap_animation_type&quot;:&quot;none&quot;}\">\n\t\t\t\t<div class=\"elementor-element elementor-element-f500d41 elementor-widget elementor-widget-heading\" data-id=\"f500d41\" data-element_type=\"widget\" data-e-type=\"widget\" data-settings=\"{&quot;plus_gsap_animation_type&quot;:&quot;none&quot;}\" data-widget_type=\"heading.default\">\n\t\t\t\t<div class=\"elementor-widget-container\">\n\t\t\t\t\t<h2 class=\"elementor-heading-title elementor-size-default\">Outros setores<\/h2>\t\t\t\t<\/div>\n\t\t\t\t<\/div>\n\t\t\t\t<\/div>\n\t\t<div class=\"elementor-element elementor-element-ea3b534 e-con-full e-flex e-con e-child\" data-id=\"ea3b534\" data-element_type=\"container\" data-e-type=\"container\" data-settings=\"{&quot;plus_gsap_animation_type&quot;:&quot;none&quot;}\">\n\t\t<div class=\"elementor-element elementor-element-46efb4b e-con-full e-flex e-con e-child\" data-id=\"46efb4b\" data-element_type=\"container\" data-e-type=\"container\" data-settings=\"{&quot;plus_gsap_animation_type&quot;:&quot;none&quot;}\">\n\t\t\t\t<div class=\"elementor-element elementor-element-bbc2062 elementor-widget elementor-widget-button\" data-id=\"bbc2062\" data-element_type=\"widget\" data-e-type=\"widget\" data-settings=\"{&quot;plus_gsap_animation_type&quot;:&quot;none&quot;}\" data-widget_type=\"button.default\">\n\t\t\t\t<div class=\"elementor-widget-container\">\n\t\t\t\t\t\t\t\t\t<div class=\"elementor-button-wrapper\">\n\t\t\t\t\t<a class=\"elementor-button elementor-button-link elementor-size-sm\" href=\"https:\/\/www.logikaline.com\/pt-pt\/seguros\/\">\n\t\t\t\t\t\t<span class=\"elementor-button-content-wrapper\">\n\t\t\t\t\t\t<span class=\"elementor-button-icon\">\n\t\t\t\t<svg xmlns=\"http:\/\/www.w3.org\/2000\/svg\" width=\"50\" height=\"50\" viewBox=\"0 0 50 50\" fill=\"none\"><path d=\"M13.3333 37.4998L10.4167 34.5832L30.4167 14.5832H12.5V10.4165H37.5V35.4165H33.3333V17.4998L13.3333 37.4998Z\" fill=\"#221E20\"><\/path><\/svg>\t\t\t<\/span>\n\t\t\t\t\t\t\t\t\t<span class=\"elementor-button-text\">Seguros<\/span>\n\t\t\t\t\t<\/span>\n\t\t\t\t\t<\/a>\n\t\t\t\t<\/div>\n\t\t\t\t\t\t\t\t<\/div>\n\t\t\t\t<\/div>\n\t\t\t\t<\/div>\n\t\t<div class=\"elementor-element elementor-element-c9f18e6 e-con-full e-flex e-con e-child\" data-id=\"c9f18e6\" data-element_type=\"container\" data-e-type=\"container\" data-settings=\"{&quot;plus_gsap_animation_type&quot;:&quot;none&quot;}\">\n\t\t\t\t<div class=\"elementor-element elementor-element-579eee4 elementor-widget elementor-widget-button\" data-id=\"579eee4\" data-element_type=\"widget\" data-e-type=\"widget\" data-settings=\"{&quot;plus_gsap_animation_type&quot;:&quot;none&quot;}\" data-widget_type=\"button.default\">\n\t\t\t\t<div class=\"elementor-widget-container\">\n\t\t\t\t\t\t\t\t\t<div class=\"elementor-button-wrapper\">\n\t\t\t\t\t<a class=\"elementor-button elementor-button-link elementor-size-sm\" href=\"https:\/\/www.logikaline.com\/pt-pt\/telecomunicacoes\/\">\n\t\t\t\t\t\t<span class=\"elementor-button-content-wrapper\">\n\t\t\t\t\t\t<span class=\"elementor-button-icon\">\n\t\t\t\t<svg xmlns=\"http:\/\/www.w3.org\/2000\/svg\" width=\"50\" height=\"50\" viewBox=\"0 0 50 50\" fill=\"none\"><path d=\"M13.3333 37.4998L10.4167 34.5832L30.4167 14.5832H12.5V10.4165H37.5V35.4165H33.3333V17.4998L13.3333 37.4998Z\" fill=\"#221E20\"><\/path><\/svg>\t\t\t<\/span>\n\t\t\t\t\t\t\t\t\t<span class=\"elementor-button-text\">Telecomunica\u00e7\u00f5es<\/span>\n\t\t\t\t\t<\/span>\n\t\t\t\t\t<\/a>\n\t\t\t\t<\/div>\n\t\t\t\t\t\t\t\t<\/div>\n\t\t\t\t<\/div>\n\t\t\t\t<\/div>\n\t\t<div class=\"elementor-element elementor-element-5d73ef8 e-con-full e-flex e-con e-child\" data-id=\"5d73ef8\" data-element_type=\"container\" data-e-type=\"container\" data-settings=\"{&quot;plus_gsap_animation_type&quot;:&quot;none&quot;}\">\n\t\t\t\t<div class=\"elementor-element elementor-element-e3820dd elementor-widget elementor-widget-button\" data-id=\"e3820dd\" data-element_type=\"widget\" data-e-type=\"widget\" data-settings=\"{&quot;plus_gsap_animation_type&quot;:&quot;none&quot;}\" data-widget_type=\"button.default\">\n\t\t\t\t<div class=\"elementor-widget-container\">\n\t\t\t\t\t\t\t\t\t<div class=\"elementor-button-wrapper\">\n\t\t\t\t\t<a class=\"elementor-button elementor-button-link elementor-size-sm\" href=\"https:\/\/www.logikaline.com\/pt-pt\/grande-distribuicao\/\">\n\t\t\t\t\t\t<span class=\"elementor-button-content-wrapper\">\n\t\t\t\t\t\t<span class=\"elementor-button-icon\">\n\t\t\t\t<svg xmlns=\"http:\/\/www.w3.org\/2000\/svg\" width=\"50\" height=\"50\" viewBox=\"0 0 50 50\" fill=\"none\"><path d=\"M13.3333 37.4998L10.4167 34.5832L30.4167 14.5832H12.5V10.4165H37.5V35.4165H33.3333V17.4998L13.3333 37.4998Z\" fill=\"#221E20\"><\/path><\/svg>\t\t\t<\/span>\n\t\t\t\t\t\t\t\t\t<span class=\"elementor-button-text\">Grande distribui\u00e7\u00e3o<br> <br><\/span>\n\t\t\t\t\t<\/span>\n\t\t\t\t\t<\/a>\n\t\t\t\t<\/div>\n\t\t\t\t\t\t\t\t<\/div>\n\t\t\t\t<\/div>\n\t\t\t\t<\/div>\n\t\t<div class=\"elementor-element elementor-element-8ee7f06 e-con-full e-flex e-con e-child\" data-id=\"8ee7f06\" data-element_type=\"container\" data-e-type=\"container\" data-settings=\"{&quot;plus_gsap_animation_type&quot;:&quot;none&quot;}\">\n\t\t\t\t<div class=\"elementor-element elementor-element-8a27b9c elementor-widget elementor-widget-button\" data-id=\"8a27b9c\" data-element_type=\"widget\" data-e-type=\"widget\" data-settings=\"{&quot;plus_gsap_animation_type&quot;:&quot;none&quot;}\" data-widget_type=\"button.default\">\n\t\t\t\t<div class=\"elementor-widget-container\">\n\t\t\t\t\t\t\t\t\t<div class=\"elementor-button-wrapper\">\n\t\t\t\t\t<a class=\"elementor-button elementor-button-link elementor-size-sm\" href=\"https:\/\/www.logikaline.com\/pt-pt\/administracao\/\">\n\t\t\t\t\t\t<span class=\"elementor-button-content-wrapper\">\n\t\t\t\t\t\t<span class=\"elementor-button-icon\">\n\t\t\t\t<svg xmlns=\"http:\/\/www.w3.org\/2000\/svg\" width=\"50\" height=\"50\" viewBox=\"0 0 50 50\" fill=\"none\"><path d=\"M13.3333 37.4998L10.4167 34.5832L30.4167 14.5832H12.5V10.4165H37.5V35.4165H33.3333V17.4998L13.3333 37.4998Z\" fill=\"#221E20\"><\/path><\/svg>\t\t\t<\/span>\n\t\t\t\t\t\t\t\t\t<span class=\"elementor-button-text\">Administra\u00e7\u00e3o<\/span>\n\t\t\t\t\t<\/span>\n\t\t\t\t\t<\/a>\n\t\t\t\t<\/div>\n\t\t\t\t\t\t\t\t<\/div>\n\t\t\t\t<\/div>\n\t\t\t\t<\/div>\n\t\t\t\t<\/div>\n\t\t\t\t\t<\/div>\n\t\t\t\t<\/div>\n\t\t<div class=\"elementor-element elementor-element-1094ee0 e-flex e-con-boxed e-con e-parent\" data-id=\"1094ee0\" data-element_type=\"container\" data-e-type=\"container\" data-settings=\"{&quot;plus_gsap_animation_type&quot;:&quot;none&quot;}\">\n\t\t\t\t\t<div class=\"e-con-inner\">\n\t\t<div class=\"elementor-element elementor-element-803ca37 e-con-full e-flex e-con e-child\" data-id=\"803ca37\" data-element_type=\"container\" data-e-type=\"container\" data-settings=\"{&quot;plus_gsap_animation_type&quot;:&quot;none&quot;}\">\n\t\t\t\t<div class=\"elementor-element elementor-element-582e819 elementor-widget elementor-widget-heading\" data-id=\"582e819\" data-element_type=\"widget\" data-e-type=\"widget\" data-settings=\"{&quot;plus_gsap_animation_type&quot;:&quot;none&quot;}\" data-widget_type=\"heading.default\">\n\t\t\t\t<div class=\"elementor-widget-container\">\n\t\t\t\t\t<h3 class=\"elementor-heading-title elementor-size-default\">Entre em contato<\/h3>\t\t\t\t<\/div>\n\t\t\t\t<\/div>\n\t\t\t\t<div class=\"elementor-element elementor-element-e885106 elementor-widget elementor-widget-text-editor\" data-id=\"e885106\" data-element_type=\"widget\" data-e-type=\"widget\" data-settings=\"{&quot;plus_gsap_animation_type&quot;:&quot;none&quot;}\" data-widget_type=\"text-editor.default\">\n\t\t\t\t<div class=\"elementor-widget-container\">\n\t\t\t\t\t\t\t\t\t<p><strong>943 110 022<\/strong><br><strong>info@logikaline.com<\/strong><\/p>\t\t\t\t\t\t\t\t<\/div>\n\t\t\t\t<\/div>\n\t\t\t\t<\/div>\n\t\t<div class=\"elementor-element elementor-element-83c5166 e-con-full e-flex e-con e-child\" data-id=\"83c5166\" data-element_type=\"container\" data-e-type=\"container\" data-settings=\"{&quot;plus_gsap_animation_type&quot;:&quot;none&quot;}\">\n\t\t\t\t<div class=\"elementor-element elementor-element-9ac431e elementor-widget elementor-widget-text-editor\" data-id=\"9ac431e\" data-element_type=\"widget\" data-e-type=\"widget\" data-settings=\"{&quot;plus_gsap_animation_type&quot;:&quot;none&quot;}\" data-widget_type=\"text-editor.default\">\n\t\t\t\t<div class=\"elementor-widget-container\">\n\t\t\t\t\t\t\t\t\t<p><strong>Quer fazer-nos uma consulta?<br><\/strong>Deixe-nos algumas informa\u00e7\u00f5es para come\u00e7armos a trabalhar.<\/p>\t\t\t\t\t\t\t\t<\/div>\n\t\t\t\t<\/div>\n\t\t\t\t<div class=\"elementor-element elementor-element-2679f87 elementor-widget__width-initial form-sectores elementor-button-align-stretch elementor-widget elementor-widget-form\" data-id=\"2679f87\" data-element_type=\"widget\" data-e-type=\"widget\" data-settings=\"{&quot;step_next_label&quot;:&quot;Pr\\u00f3ximo&quot;,&quot;step_previous_label&quot;:&quot;Anterior&quot;,&quot;button_width&quot;:&quot;75&quot;,&quot;step_type&quot;:&quot;number_text&quot;,&quot;step_icon_shape&quot;:&quot;circle&quot;,&quot;plus_gsap_animation_type&quot;:&quot;none&quot;}\" data-widget_type=\"form.default\">\n\t\t\t\t<div class=\"elementor-widget-container\">\n\t\t\t\t\t\t\t<form class=\"elementor-form\" method=\"post\" name=\"Novo formul\u00e1rio\" aria-label=\"Novo formul\u00e1rio\">\n\t\t\t<input type=\"hidden\" name=\"post_id\" value=\"8832\"\/>\n\t\t\t<input type=\"hidden\" name=\"form_id\" value=\"2679f87\"\/>\n\t\t\t<input type=\"hidden\" name=\"referer_title\" value=\"Fintech - Logikaline\" \/>\n\n\t\t\t\t\t\t\t<input type=\"hidden\" name=\"queried_id\" value=\"8832\"\/>\n\t\t\t\n\t\t\t<div class=\"elementor-form-fields-wrapper elementor-labels-above\">\n\t\t\t\t\t\t\t\t<div class=\"elementor-field-type-text elementor-field-group elementor-column elementor-field-group-name elementor-col-75 elementor-field-required elementor-mark-required\">\n\t\t\t\t\t\t\t\t\t\t\t\t\t<input size=\"1\" type=\"text\" name=\"form_fields[name]\" id=\"form-field-name\" class=\"elementor-field elementor-size-lg  elementor-field-textual\" placeholder=\"Nome\" required=\"required\">\n\t\t\t\t\t\t\t\t\t\t\t<\/div>\n\t\t\t\t\t\t\t\t<div class=\"elementor-field-type-email elementor-field-group elementor-column elementor-field-group-email elementor-col-75 elementor-field-required elementor-mark-required\">\n\t\t\t\t\t\t\t\t\t\t\t\t\t<input size=\"1\" type=\"email\" name=\"form_fields[email]\" id=\"form-field-email\" class=\"elementor-field elementor-size-lg  elementor-field-textual\" placeholder=\"Email\" required=\"required\">\n\t\t\t\t\t\t\t\t\t\t\t<\/div>\n\t\t\t\t\t\t\t\t<div class=\"elementor-field-type-tel elementor-field-group elementor-column elementor-field-group-message elementor-col-75 elementor-field-required elementor-mark-required\">\n\t\t\t\t\t\t\t<input size=\"1\" type=\"tel\" name=\"form_fields[message]\" id=\"form-field-message\" class=\"elementor-field elementor-size-lg  elementor-field-textual\" placeholder=\"Telefone\" required=\"required\" pattern=\"[0-9()#&amp;+*-=.]+\" title=\"Only numbers and phone characters (#, -, *, etc) are accepted.\">\n\n\t\t\t\t\t\t<\/div>\n\t\t\t\t\t\t\t\t<div class=\"elementor-field-type-recaptcha_v3 elementor-field-group elementor-column elementor-field-group-field_df42aad elementor-col-100 recaptcha_v3-bottomright\">\n\t\t\t\t\t<div class=\"elementor-field\" id=\"form-field-field_df42aad\"><div class=\"elementor-g-recaptcha\" data-sitekey=\"6LfG61MsAAAAACvelPSAeRbyfz57NmVkOhMDJAxp\" data-type=\"v3\" data-action=\"Form\" data-badge=\"bottomright\" data-size=\"invisible\"><\/div><\/div>\t\t\t\t<\/div>\n\t\t\t\t\t\t\t\t<div class=\"elementor-field-type-text elementor-field-group elementor-column elementor-field-group-field_aa76290 elementor-col-75 elementor-field-required elementor-mark-required\">\n\t\t\t\t\t\t\t\t\t\t\t\t\t<input size=\"1\" type=\"text\" name=\"form_fields[field_aa76290]\" id=\"form-field-field_aa76290\" class=\"elementor-field elementor-size-lg  elementor-field-textual\" placeholder=\"Mensaje\" required=\"required\">\n\t\t\t\t\t\t\t\t\t\t\t<\/div>\n\t\t\t\t\t\t\t\t<div class=\"elementor-field-type-select elementor-field-group elementor-column elementor-field-group-field_ac08da6 elementor-col-75 elementor-field-required elementor-mark-required\">\n\t\t\t\t\t\t\t<div class=\"elementor-field elementor-select-wrapper remove-before \">\n\t\t\t<div class=\"select-caret-down-wrapper\">\n\t\t\t\t<svg aria-hidden=\"true\" class=\"e-font-icon-svg e-eicon-caret-down\" viewBox=\"0 0 571.4 571.4\" xmlns=\"http:\/\/www.w3.org\/2000\/svg\"><path d=\"M571 393Q571 407 561 418L311 668Q300 679 286 679T261 668L11 418Q0 407 0 393T11 368 36 357H536Q550 357 561 368T571 393Z\"><\/path><\/svg>\t\t\t<\/div>\n\t\t\t<select name=\"form_fields[field_ac08da6]\" id=\"form-field-field_ac08da6\" class=\"elementor-field-textual elementor-size-lg\" required=\"required\">\n\t\t\t\t\t\t\t\t\t<option value=\"Escolha o setor\">Escolha o setor<\/option>\n\t\t\t\t\t\t\t\t\t<option value=\"Seguros\">Seguros<\/option>\n\t\t\t\t\t\t\t\t\t<option value=\"Telecomunica\u00e7\u00f5es\">Telecomunica\u00e7\u00f5es<\/option>\n\t\t\t\t\t\t\t\t\t<option value=\"Ind\u00fastria\">Ind\u00fastria<\/option>\n\t\t\t\t\t\t\t\t\t<option value=\"Grande distribui\u00e7\u00e3o\">Grande distribui\u00e7\u00e3o<\/option>\n\t\t\t\t\t\t\t\t\t<option value=\"Administra\u00e7\u00e3o\">Administra\u00e7\u00e3o<\/option>\n\t\t\t\t\t\t\t\t\t<option value=\"Fintech\">Fintech<\/option>\n\t\t\t\t\t\t\t<\/select>\n\t\t<\/div>\n\t\t\t\t\t\t<\/div>\n\t\t\t\t\t\t\t\t<div class=\"elementor-field-group elementor-column elementor-field-type-submit elementor-col-75 e-form__buttons\">\n\t\t\t\t\t<button class=\"elementor-button elementor-size-sm\" type=\"submit\">\n\t\t\t\t\t\t<span class=\"elementor-button-content-wrapper\">\n\t\t\t\t\t\t\t\t\t\t\t\t\t\t\t\t\t\t\t\t\t\t<span class=\"elementor-button-text\">ENVIAR<\/span>\n\t\t\t\t\t\t\t\t\t\t\t\t\t<\/span>\n\t\t\t\t\t<\/button>\n\t\t\t\t<\/div>\n\t\t\t<\/div>\n\t\t<\/form>\n\t\t\t\t\t\t<\/div>\n\t\t\t\t<\/div>\n\t\t\t\t<\/div>\n\t\t\t\t\t<\/div>\n\t\t\t\t<\/div>\n\t\t\t\t<\/div>\n\t\t","protected":false},"excerpt":{"rendered":"<p>Fintech Oferecemos um atendimento \u00e1gil, seguro e altamente digitalizado alinhado com a inova\u00e7\u00e3o e a imediatidade que se espera do setor. Analisamos passo a passo a jornada do cliente, desde a ativa\u00e7\u00e3o de contas at\u00e9 a resolu\u00e7\u00e3o de incidentes, e contamos com agentes especialistas em experi\u00eancia do usu\u00e1rio e seguran\u00e7a da informa\u00e7\u00e3o. Controlamos a rastreabilidade [&hellip;]<\/p>\n","protected":false},"author":1,"featured_media":0,"parent":0,"menu_order":0,"comment_status":"closed","ping_status":"closed","template":"elementor_header_footer","meta":{"footnotes":""},"class_list":["post-8832","page","type-page","status-publish","hentry"],"_links":{"self":[{"href":"https:\/\/www.logikaline.com\/pt-pt\/wp-json\/wp\/v2\/pages\/8832","targetHints":{"allow":["GET"]}}],"collection":[{"href":"https:\/\/www.logikaline.com\/pt-pt\/wp-json\/wp\/v2\/pages"}],"about":[{"href":"https:\/\/www.logikaline.com\/pt-pt\/wp-json\/wp\/v2\/types\/page"}],"author":[{"embeddable":true,"href":"https:\/\/www.logikaline.com\/pt-pt\/wp-json\/wp\/v2\/users\/1"}],"replies":[{"embeddable":true,"href":"https:\/\/www.logikaline.com\/pt-pt\/wp-json\/wp\/v2\/comments?post=8832"}],"version-history":[{"count":3,"href":"https:\/\/www.logikaline.com\/pt-pt\/wp-json\/wp\/v2\/pages\/8832\/revisions"}],"predecessor-version":[{"id":11385,"href":"https:\/\/www.logikaline.com\/pt-pt\/wp-json\/wp\/v2\/pages\/8832\/revisions\/11385"}],"wp:attachment":[{"href":"https:\/\/www.logikaline.com\/pt-pt\/wp-json\/wp\/v2\/media?parent=8832"}],"curies":[{"name":"wp","href":"https:\/\/api.w.org\/{rel}","templated":true}]}}