{"id":9154,"date":"2025-09-04T09:48:13","date_gmt":"2025-09-04T07:48:13","guid":{"rendered":"https:\/\/www.logikaline.com\/politica-de-seguranca\/"},"modified":"2026-01-26T09:58:04","modified_gmt":"2026-01-26T08:58:04","slug":"politica-de-seguranca","status":"publish","type":"page","link":"https:\/\/www.logikaline.com\/pt-pt\/politica-de-seguranca\/","title":{"rendered":"Pol\u00edtica de seguran\u00e7a"},"content":{"rendered":"\t\t<div data-elementor-type=\"wp-page\" data-elementor-id=\"9154\" class=\"elementor elementor-9154 elementor-5235\" data-elementor-post-type=\"page\">\n\t\t\t\t<div class=\"elementor-element elementor-element-ef11477 e-flex e-con-boxed e-con e-parent\" data-id=\"ef11477\" data-element_type=\"container\" data-e-type=\"container\" data-settings=\"{&quot;background_background&quot;:&quot;classic&quot;,&quot;plus_gsap_animation_type&quot;:&quot;none&quot;}\">\n\t\t\t\t\t<div class=\"e-con-inner\">\n\t\t\t\t<div class=\"elementor-element elementor-element-32a90ff elementor-widget elementor-widget-heading\" data-id=\"32a90ff\" data-element_type=\"widget\" data-e-type=\"widget\" data-settings=\"{&quot;plus_gsap_animation_type&quot;:&quot;none&quot;}\" data-widget_type=\"heading.default\">\n\t\t\t\t<div class=\"elementor-widget-container\">\n\t\t\t\t\t<h2 class=\"elementor-heading-title elementor-size-default\">Pol\u00edtica de seguran\u00e7a<\/h2>\t\t\t\t<\/div>\n\t\t\t\t<\/div>\n\t\t\t\t\t<\/div>\n\t\t\t\t<\/div>\n\t\t<div class=\"elementor-element elementor-element-3c0f6d5 e-flex e-con-boxed e-con e-parent\" data-id=\"3c0f6d5\" data-element_type=\"container\" data-e-type=\"container\" data-settings=\"{&quot;plus_gsap_animation_type&quot;:&quot;none&quot;}\">\n\t\t\t\t\t<div class=\"e-con-inner\">\n\t\t\t\t<div class=\"elementor-element elementor-element-a93ca9d elementor-widget elementor-widget-text-editor\" data-id=\"a93ca9d\" data-element_type=\"widget\" data-e-type=\"widget\" id=\"politica-seguridad\" data-settings=\"{&quot;plus_gsap_animation_type&quot;:&quot;none&quot;}\" data-widget_type=\"text-editor.default\">\n\t\t\t\t<div class=\"elementor-widget-container\">\n\t\t\t\t\t\t\t\t\t<p>Logikaline disp\u00f5e de uma pol\u00edtica de seguran\u00e7a. Caso deseje solicit\u00e1-la, entre em contato conosco enviando um e-mail para <a href=\"mailto:admin@logikaline.com\">admin@logikaline.com<\/a>.<\/p>\t\t\t\t\t\t\t\t<\/div>\n\t\t\t\t<\/div>\n\t\t\t\t\t<\/div>\n\t\t\t\t<\/div>\n\t\t\t\t<\/div>\n\t\t","protected":false},"excerpt":{"rendered":"<p>Pol\u00edtica de seguran\u00e7a Logikaline disp\u00f5e de uma pol\u00edtica de seguran\u00e7a. Caso deseje solicit\u00e1-la, entre em contato conosco enviando um e-mail para admin@logikaline.com.<\/p>\n","protected":false},"author":1,"featured_media":0,"parent":0,"menu_order":0,"comment_status":"closed","ping_status":"closed","template":"elementor_header_footer","meta":{"footnotes":""},"class_list":["post-9154","page","type-page","status-publish","hentry"],"_links":{"self":[{"href":"https:\/\/www.logikaline.com\/pt-pt\/wp-json\/wp\/v2\/pages\/9154","targetHints":{"allow":["GET"]}}],"collection":[{"href":"https:\/\/www.logikaline.com\/pt-pt\/wp-json\/wp\/v2\/pages"}],"about":[{"href":"https:\/\/www.logikaline.com\/pt-pt\/wp-json\/wp\/v2\/types\/page"}],"author":[{"embeddable":true,"href":"https:\/\/www.logikaline.com\/pt-pt\/wp-json\/wp\/v2\/users\/1"}],"replies":[{"embeddable":true,"href":"https:\/\/www.logikaline.com\/pt-pt\/wp-json\/wp\/v2\/comments?post=9154"}],"version-history":[{"count":2,"href":"https:\/\/www.logikaline.com\/pt-pt\/wp-json\/wp\/v2\/pages\/9154\/revisions"}],"predecessor-version":[{"id":11665,"href":"https:\/\/www.logikaline.com\/pt-pt\/wp-json\/wp\/v2\/pages\/9154\/revisions\/11665"}],"wp:attachment":[{"href":"https:\/\/www.logikaline.com\/pt-pt\/wp-json\/wp\/v2\/media?parent=9154"}],"curies":[{"name":"wp","href":"https:\/\/api.w.org\/{rel}","templated":true}]}}