{"id":9840,"date":"2025-07-30T10:26:01","date_gmt":"2025-07-30T08:26:01","guid":{"rendered":"https:\/\/www.logikaline.com\/sala-de-imprensa\/"},"modified":"2026-02-10T13:16:32","modified_gmt":"2026-02-10T12:16:32","slug":"sala-de-imprensa","status":"publish","type":"page","link":"https:\/\/www.logikaline.com\/pt-pt\/sala-de-imprensa\/","title":{"rendered":"Sala de imprensa"},"content":{"rendered":"\t\t<div data-elementor-type=\"wp-page\" data-elementor-id=\"9840\" class=\"elementor elementor-9840 elementor-3784\" data-elementor-post-type=\"page\">\n\t\t\t\t<div class=\"elementor-element elementor-element-a4988dd e-flex e-con-boxed e-con e-parent\" data-id=\"a4988dd\" data-element_type=\"container\" data-e-type=\"container\" data-settings=\"{&quot;plus_gsap_animation_type&quot;:&quot;none&quot;}\">\n\t\t\t\t\t<div class=\"e-con-inner\">\n\t\t<div class=\"elementor-element elementor-element-b495b93 e-con-full e-flex e-con e-child\" data-id=\"b495b93\" data-element_type=\"container\" data-e-type=\"container\" data-settings=\"{&quot;plus_gsap_animation_type&quot;:&quot;none&quot;}\">\n\t\t\t\t<div class=\"elementor-element elementor-element-008d127 elementor-widget elementor-widget-heading\" data-id=\"008d127\" data-element_type=\"widget\" data-e-type=\"widget\" data-settings=\"{&quot;plus_gsap_animation_type&quot;:&quot;none&quot;}\" data-widget_type=\"heading.default\">\n\t\t\t\t<div class=\"elementor-widget-container\">\n\t\t\t\t\t<h2 class=\"elementor-heading-title elementor-size-default\">Sala de imprensa<br><br><br><br><\/h2>\t\t\t\t<\/div>\n\t\t\t\t<\/div>\n\t\t\t\t<\/div>\n\t\t\t\t<div class=\"elementor-element elementor-element-8c9559f elementor-align-left elementor-widget elementor-widget-elementskit-button\" data-id=\"8c9559f\" data-element_type=\"widget\" data-e-type=\"widget\" data-settings=\"{&quot;plus_gsap_animation_type&quot;:&quot;none&quot;}\" data-widget_type=\"elementskit-button.default\">\n\t\t\t\t<div class=\"elementor-widget-container\">\n\t\t\t\t\t<div class=\"ekit-wid-con\" >\t\t<div class=\"ekit-btn-wraper\">\n\t\t\t\t\t\t\t<a href=\"https:\/\/drive.google.com\/file\/d\/1cHDplMd4xBs_RU0RcRPz3E7okR6-4nX8\/view\" class=\"elementskit-btn  whitespace--normal\" id=\"\" target=\"_blank\" rel=\"noopener\">\n\t\t\t\t\tBaixe seu Presskit aqui. <svg class=\"e-font-icon-svg e-fas-location-arrow\" viewBox=\"0 0 512 512\" xmlns=\"http:\/\/www.w3.org\/2000\/svg\"><path d=\"M444.52 3.52L28.74 195.42c-47.97 22.39-31.98 92.75 19.19 92.75h175.91v175.91c0 51.17 70.36 67.17 92.75 19.19l191.9-415.78c15.99-38.39-25.59-79.97-63.97-63.97z\"><\/path><\/svg>\t\t\t\t<\/a>\n\t\t\t\t\t<\/div>\n        <\/div>\t\t\t\t<\/div>\n\t\t\t\t<\/div>\n\t\t\t\t\t<\/div>\n\t\t\t\t<\/div>\n\t\t<div class=\"elementor-element elementor-element-797de94 e-flex e-con-boxed e-con e-parent\" data-id=\"797de94\" data-element_type=\"container\" data-e-type=\"container\" data-settings=\"{&quot;background_background&quot;:&quot;classic&quot;,&quot;plus_gsap_animation_type&quot;:&quot;none&quot;}\">\n\t\t\t\t\t<div class=\"e-con-inner\">\n\t\t\t\t<div class=\"elementor-element elementor-element-c39c320 e-n-tabs-mobile elementor-widget elementor-widget-n-tabs\" data-id=\"c39c320\" data-element_type=\"widget\" data-e-type=\"widget\" data-settings=\"{&quot;horizontal_scroll&quot;:&quot;disable&quot;,&quot;plus_gsap_animation_type&quot;:&quot;none&quot;}\" data-widget_type=\"nested-tabs.default\">\n\t\t\t\t<div class=\"elementor-widget-container\">\n\t\t\t\t\t\t\t<div class=\"e-n-tabs\" data-widget-number=\"205112096\" aria-label=\"Tabs. Open items with Enter or Space, close with Escape and navigate using the Arrow keys.\">\n\t\t\t<div class=\"e-n-tabs-heading\" role=\"tablist\">\n\t\t\t\t\t<button id=\"e-n-tab-title-2051120961\" data-tab-title-id=\"e-n-tab-title-2051120961\" class=\"e-n-tab-title\" aria-selected=\"true\" data-tab-index=\"1\" role=\"tab\" tabindex=\"0\" aria-controls=\"e-n-tab-content-2051120961\" style=\"--n-tabs-title-order: 1;\">\n\t\t\t\t\t\t<span class=\"e-n-tab-title-text\">\n\t\t\t\tPr\u00eamios\t\t\t<\/span>\n\t\t<\/button>\n\t\t\t\t<button id=\"e-n-tab-title-2051120962\" data-tab-title-id=\"e-n-tab-title-2051120962\" class=\"e-n-tab-title\" aria-selected=\"false\" data-tab-index=\"2\" role=\"tab\" tabindex=\"-1\" aria-controls=\"e-n-tab-content-2051120962\" style=\"--n-tabs-title-order: 2;\">\n\t\t\t\t\t\t<span class=\"e-n-tab-title-text\">\n\t\t\t\tPessoas\t\t\t<\/span>\n\t\t<\/button>\n\t\t\t\t<button id=\"e-n-tab-title-2051120963\" data-tab-title-id=\"e-n-tab-title-2051120963\" class=\"e-n-tab-title\" aria-selected=\"false\" data-tab-index=\"3\" role=\"tab\" tabindex=\"-1\" aria-controls=\"e-n-tab-content-2051120963\" style=\"--n-tabs-title-order: 3;\">\n\t\t\t\t\t\t<span class=\"e-n-tab-title-text\">\n\t\t\t\tEventos\t\t\t<\/span>\n\t\t<\/button>\n\t\t\t\t\t<\/div>\n\t\t\t<div class=\"e-n-tabs-content\">\n\t\t\t\t<div id=\"e-n-tab-content-2051120961\" role=\"tabpanel\" aria-labelledby=\"e-n-tab-title-2051120961\" data-tab-index=\"1\" style=\"--n-tabs-title-order: 1;\" class=\"e-active elementor-element elementor-element-93a463c e-flex e-con-boxed e-con e-child\" data-id=\"93a463c\" data-element_type=\"container\" data-e-type=\"container\" data-settings=\"{&quot;background_background&quot;:&quot;classic&quot;,&quot;plus_gsap_animation_type&quot;:&quot;none&quot;}\">\n\t\t\t\t\t<div class=\"e-con-inner\">\n\t\t\t\t<div class=\"elementor-element elementor-element-ae323ea elementor-grid-eael-col-3 elementor-grid-tablet-eael-col-2 elementor-grid-mobile-eael-col-1 elementor-widget elementor-widget-eael-post-grid\" data-id=\"ae323ea\" data-element_type=\"widget\" data-e-type=\"widget\" data-settings=\"{&quot;eael_post_grid_columns&quot;:&quot;eael-col-3&quot;,&quot;eael_post_grid_columns_tablet&quot;:&quot;eael-col-2&quot;,&quot;eael_post_grid_columns_mobile&quot;:&quot;eael-col-1&quot;,&quot;plus_gsap_animation_type&quot;:&quot;none&quot;}\" data-widget_type=\"eael-post-grid.default\">\n\t\t\t\t<div class=\"elementor-widget-container\">\n\t\t\t\t\t<div id=\"eael-post-grid-ae323ea\" class=\"eael-post-grid-container\">\n            <div class=\"eael-post-grid eael-post-appender eael-post-appender-ae323ea eael-post-grid-style-three\" data-layout-mode=\"grid\"><article class=\"eael-grid-post  eael-post-grid-column eael-pg-post-9734 category-premios\" data-id=\"9734\">\n        <div class=\"eael-grid-post-holder\">\n            <div class=\"eael-grid-post-holder-inner\"><div class=\"eael-entry-media\"><div class=\"eael-entry-overlay fade-in\"><i class=\"fas fa-long-arrow-alt-right\" aria-hidden=\"true\"><\/i><a href=\"https:\/\/www.logikaline.com\/pt-pt\/blog\/logikaline-recebe-novamente-o-premio-lideres\/\"><\/a><\/div><div class=\"eael-entry-thumbnail \">\n                 <img fetchpriority=\"high\" decoding=\"async\" width=\"820\" height=\"312\" src=\"https:\/\/www.logikaline.com\/wp-content\/uploads\/304_2.png\" class=\"attachment-medium size-medium wp-image-9733\" alt=\"\" \/>\n             <\/div>\n        <\/div><div class=\"eael-entry-wrapper\"><header class=\"eael-entry-header\"><h3 class=\"eael-entry-title\"><a class=\"eael-grid-post-link\" href=\"https:\/\/www.logikaline.com\/pt-pt\/blog\/logikaline-recebe-novamente-o-premio-lideres\/\" title=\"Logikaline recebe novamente o \u00abPr\u00e9mio L\u00edderes\u00bb\">Logikaline recebe novamente o \u00abPr\u00e9mio L\u00edderes\u00bb<\/a><\/h3><\/header><\/div><\/div>\n        <\/div>\n    <\/article><article class=\"eael-grid-post  eael-post-grid-column eael-pg-post-9738 category-premios\" data-id=\"9738\">\n        <div class=\"eael-grid-post-holder\">\n            <div class=\"eael-grid-post-holder-inner\"><div class=\"eael-entry-media\"><div class=\"eael-entry-overlay fade-in\"><i class=\"fas fa-long-arrow-alt-right\" aria-hidden=\"true\"><\/i><a href=\"https:\/\/www.logikaline.com\/pt-pt\/blog\/a-logikaline-recebe-da-eroski-o-premio-lideres-em-fidelizacao-pelo-oitavo-ano-consecutivo\/\"><\/a><\/div><div class=\"eael-entry-thumbnail \">\n                 <img decoding=\"async\" width=\"300\" height=\"114\" src=\"https:\/\/www.logikaline.com\/wp-content\/uploads\/2025\/07\/295_2-300x114.jpg\" class=\"attachment-medium size-medium wp-image-9737\" alt=\"\" srcset=\"https:\/\/www.logikaline.com\/wp-content\/uploads\/2025\/07\/295_2-300x114.jpg 300w, https:\/\/www.logikaline.com\/wp-content\/uploads\/2025\/07\/295_2-768x292.jpg 768w, https:\/\/www.logikaline.com\/wp-content\/uploads\/2025\/07\/295_2.jpg 820w\" sizes=\"(max-width: 300px) 100vw, 300px\" \/>\n             <\/div>\n        <\/div><div class=\"eael-entry-wrapper\"><header class=\"eael-entry-header\"><h3 class=\"eael-entry-title\"><a class=\"eael-grid-post-link\" href=\"https:\/\/www.logikaline.com\/pt-pt\/blog\/a-logikaline-recebe-da-eroski-o-premio-lideres-em-fidelizacao-pelo-oitavo-ano-consecutivo\/\" title=\"A Logikaline recebe da Eroski o Pr\u00e9mio L\u00edderes em Fideliza\u00e7\u00e3o pelo oitavo ano consecutivo\">A Logikaline recebe da Eroski o Pr\u00e9mio L\u00edderes em Fideliza\u00e7\u00e3o pelo oitavo ano consecutivo<\/a><\/h3><\/header><\/div><\/div>\n        <\/div>\n    <\/article><article class=\"eael-grid-post  eael-post-grid-column eael-pg-post-9729 category-premios\" data-id=\"9729\">\n        <div class=\"eael-grid-post-holder\">\n            <div class=\"eael-grid-post-holder-inner\"><div class=\"eael-entry-media\"><div class=\"eael-entry-overlay fade-in\"><i class=\"fas fa-long-arrow-alt-right\" aria-hidden=\"true\"><\/i><a href=\"https:\/\/www.logikaline.com\/pt-pt\/blog\/setimo-premio-lideres-para-a-logikaline\/\"><\/a><\/div><div class=\"eael-entry-thumbnail \">\n                 <img decoding=\"async\" width=\"300\" height=\"114\" src=\"https:\/\/www.logikaline.com\/wp-content\/uploads\/2025\/07\/284_2-300x114.jpg\" class=\"attachment-medium size-medium wp-image-9728\" alt=\"\" srcset=\"https:\/\/www.logikaline.com\/wp-content\/uploads\/2025\/07\/284_2-300x114.jpg 300w, https:\/\/www.logikaline.com\/wp-content\/uploads\/2025\/07\/284_2-768x292.jpg 768w, https:\/\/www.logikaline.com\/wp-content\/uploads\/2025\/07\/284_2.jpg 820w\" sizes=\"(max-width: 300px) 100vw, 300px\" \/>\n             <\/div>\n        <\/div><div class=\"eael-entry-wrapper\"><header class=\"eael-entry-header\"><h3 class=\"eael-entry-title\"><a class=\"eael-grid-post-link\" href=\"https:\/\/www.logikaline.com\/pt-pt\/blog\/setimo-premio-lideres-para-a-logikaline\/\" title=\"S\u00e9timo pr\u00e9mio L\u00edderes para a Logikaline\">S\u00e9timo pr\u00e9mio L\u00edderes para a Logikaline<\/a><\/h3><\/header><\/div><\/div>\n        <\/div>\n    <\/article><\/div>\n            <div class=\"clearfix\"><\/div>\n        <\/div>\t\t\t\t<\/div>\n\t\t\t\t<\/div>\n\t\t\t\t\t<\/div>\n\t\t\t\t<\/div>\n\t\t<div id=\"e-n-tab-content-2051120962\" role=\"tabpanel\" aria-labelledby=\"e-n-tab-title-2051120962\" data-tab-index=\"2\" style=\"--n-tabs-title-order: 2;\" class=\" elementor-element elementor-element-5624f43 e-con-full e-flex e-con e-child\" data-id=\"5624f43\" data-element_type=\"container\" data-e-type=\"container\" data-settings=\"{&quot;plus_gsap_animation_type&quot;:&quot;none&quot;}\">\n\t\t\t\t<div class=\"elementor-element elementor-element-b6d037d elementor-grid-eael-col-3 elementor-grid-tablet-eael-col-2 elementor-grid-mobile-eael-col-1 elementor-widget elementor-widget-eael-post-grid\" data-id=\"b6d037d\" data-element_type=\"widget\" data-e-type=\"widget\" data-settings=\"{&quot;eael_post_grid_columns&quot;:&quot;eael-col-3&quot;,&quot;eael_post_grid_columns_tablet&quot;:&quot;eael-col-2&quot;,&quot;eael_post_grid_columns_mobile&quot;:&quot;eael-col-1&quot;,&quot;plus_gsap_animation_type&quot;:&quot;none&quot;}\" data-widget_type=\"eael-post-grid.default\">\n\t\t\t\t<div class=\"elementor-widget-container\">\n\t\t\t\t\t<div id=\"eael-post-grid-b6d037d\" class=\"eael-post-grid-container\">\n            <div class=\"eael-post-grid eael-post-appender eael-post-appender-b6d037d eael-post-grid-style-three\" data-layout-mode=\"grid\"><p class=\"no-posts-found\">No posts found!<\/p><\/div>\n            <div class=\"clearfix\"><\/div>\n        <\/div>\t\t\t\t<\/div>\n\t\t\t\t<\/div>\n\t\t\t\t<\/div>\n\t\t<div id=\"e-n-tab-content-2051120963\" role=\"tabpanel\" aria-labelledby=\"e-n-tab-title-2051120963\" data-tab-index=\"3\" style=\"--n-tabs-title-order: 3;\" class=\" elementor-element elementor-element-cf8633f e-con-full e-flex e-con e-child\" data-id=\"cf8633f\" data-element_type=\"container\" data-e-type=\"container\" data-settings=\"{&quot;plus_gsap_animation_type&quot;:&quot;none&quot;}\">\n\t\t\t\t<div class=\"elementor-element elementor-element-a0f03ff elementor-grid-eael-col-3 elementor-grid-tablet-eael-col-2 elementor-grid-mobile-eael-col-1 elementor-widget elementor-widget-eael-post-grid\" data-id=\"a0f03ff\" data-element_type=\"widget\" data-e-type=\"widget\" data-settings=\"{&quot;eael_post_grid_columns&quot;:&quot;eael-col-3&quot;,&quot;eael_post_grid_columns_tablet&quot;:&quot;eael-col-2&quot;,&quot;eael_post_grid_columns_mobile&quot;:&quot;eael-col-1&quot;,&quot;plus_gsap_animation_type&quot;:&quot;none&quot;}\" data-widget_type=\"eael-post-grid.default\">\n\t\t\t\t<div class=\"elementor-widget-container\">\n\t\t\t\t\t<div id=\"eael-post-grid-a0f03ff\" class=\"eael-post-grid-container\">\n            <div class=\"eael-post-grid eael-post-appender eael-post-appender-a0f03ff eael-post-grid-style-three\" data-layout-mode=\"grid\"><article class=\"eael-grid-post  eael-post-grid-column eael-pg-post-9743 category-eventos\" data-id=\"9743\">\n        <div class=\"eael-grid-post-holder\">\n            <div class=\"eael-grid-post-holder-inner\"><div class=\"eael-entry-media\"><div class=\"eael-entry-overlay fade-in\"><i class=\"fas fa-long-arrow-alt-right\" aria-hidden=\"true\"><\/i><a href=\"https:\/\/www.logikaline.com\/pt-pt\/blog\/uma-comitiva-formada-por-representantes-do-governo-basco-e-varios-grupos-de-acao-local-gal-da-irlanda-polonia-e-finlandia-visitou-nesta-quinta-feira-as-instalacoes-da-logikaline-em-abaltzisketa-com\/\"><\/a><\/div><div class=\"eael-entry-thumbnail \">\n                 <img loading=\"lazy\" decoding=\"async\" width=\"1128\" height=\"430\" src=\"https:\/\/www.logikaline.com\/wp-content\/uploads\/desarrollo-rural.png\" class=\"attachment-medium size-medium wp-image-9742\" alt=\"\" \/>\n             <\/div>\n        <\/div><div class=\"eael-entry-wrapper\"><header class=\"eael-entry-header\"><h3 class=\"eael-entry-title\"><a class=\"eael-grid-post-link\" href=\"https:\/\/www.logikaline.com\/pt-pt\/blog\/uma-comitiva-formada-por-representantes-do-governo-basco-e-varios-grupos-de-acao-local-gal-da-irlanda-polonia-e-finlandia-visitou-nesta-quinta-feira-as-instalacoes-da-logikaline-em-abaltzisketa-com\/\" title=\"Uma comitiva formada por representantes do Governo basco e v\u00e1rios grupos de a\u00e7\u00e3o local (GAL) da Irlanda, Pol\u00f3nia e Finl\u00e2ndia visitou nesta quinta-feira as instala\u00e7\u00f5es da Logikaline em Abaltzisketa com o objetivo de conhecer em primeira m\u00e3o o impacto socioecon\u00f3mico que a cria\u00e7\u00e3o do Contact Center teve na regi\u00e3o.\">Uma comitiva formada por representantes do Governo basco e v\u00e1rios grupos de a\u00e7\u00e3o local (GAL) da Irlanda, Pol\u00f3nia e Finl\u00e2ndia visitou nesta quinta-feira as instala\u00e7\u00f5es da Logikaline em Abaltzisketa com o objetivo de conhecer em primeira m\u00e3o o impacto socioecon\u00f3mico que a cria\u00e7\u00e3o do Contact Center teve na regi\u00e3o.<\/a><\/h3><\/header><\/div><\/div>\n        <\/div>\n    <\/article><article class=\"eael-grid-post  eael-post-grid-column eael-pg-post-9813 category-contact-center-eventos\" data-id=\"9813\">\n        <div class=\"eael-grid-post-holder\">\n            <div class=\"eael-grid-post-holder-inner\"><div class=\"eael-entry-media\"><div class=\"eael-entry-overlay fade-in\"><i class=\"fas fa-long-arrow-alt-right\" aria-hidden=\"true\"><\/i><a href=\"https:\/\/www.logikaline.com\/pt-pt\/blog\/o-emprego-nos-contact-centers-cresce-107-e-atinge-o-seu-melhor-resultado-em-cinco-anos\/\"><\/a><\/div><div class=\"eael-entry-thumbnail \">\n                 <img loading=\"lazy\" decoding=\"async\" width=\"820\" height=\"312\" src=\"https:\/\/www.logikaline.com\/wp-content\/uploads\/305_2-1.png\" class=\"attachment-medium size-medium wp-image-9812\" alt=\"\" \/>\n             <\/div>\n        <\/div><div class=\"eael-entry-wrapper\"><header class=\"eael-entry-header\"><h3 class=\"eael-entry-title\"><a class=\"eael-grid-post-link\" href=\"https:\/\/www.logikaline.com\/pt-pt\/blog\/o-emprego-nos-contact-centers-cresce-107-e-atinge-o-seu-melhor-resultado-em-cinco-anos\/\" title=\"O emprego nos Contact Centers cresce 10,7% e atinge o seu melhor resultado em cinco anos\">O emprego nos Contact Centers cresce 10,7% e atinge o seu melhor resultado em cinco anos<\/a><\/h3><\/header><\/div><\/div>\n        <\/div>\n    <\/article><article class=\"eael-grid-post  eael-post-grid-column eael-pg-post-9820 category-eventos\" data-id=\"9820\">\n        <div class=\"eael-grid-post-holder\">\n            <div class=\"eael-grid-post-holder-inner\"><div class=\"eael-entry-media\"><div class=\"eael-entry-overlay fade-in\"><i class=\"fas fa-long-arrow-alt-right\" aria-hidden=\"true\"><\/i><a href=\"https:\/\/www.logikaline.com\/pt-pt\/blog\/empresas-de-jogos-vs-empresas-de-campeonatos\/\"><\/a><\/div><div class=\"eael-entry-thumbnail \">\n                 <img loading=\"lazy\" decoding=\"async\" width=\"300\" height=\"114\" src=\"https:\/\/www.logikaline.com\/wp-content\/uploads\/2025\/07\/291_2-300x114.png\" class=\"attachment-medium size-medium wp-image-9819\" alt=\"\" srcset=\"https:\/\/www.logikaline.com\/wp-content\/uploads\/2025\/07\/291_2-300x114.png 300w, https:\/\/www.logikaline.com\/wp-content\/uploads\/2025\/07\/291_2-768x292.png 768w, https:\/\/www.logikaline.com\/wp-content\/uploads\/2025\/07\/291_2.png 820w\" sizes=\"(max-width: 300px) 100vw, 300px\" \/>\n             <\/div>\n        <\/div><div class=\"eael-entry-wrapper\"><header class=\"eael-entry-header\"><h3 class=\"eael-entry-title\"><a class=\"eael-grid-post-link\" href=\"https:\/\/www.logikaline.com\/pt-pt\/blog\/empresas-de-jogos-vs-empresas-de-campeonatos\/\" title=\"Empresas de jogos vs empresas de campeonatos\">Empresas de jogos vs empresas de campeonatos<\/a><\/h3><\/header><\/div><\/div>\n        <\/div>\n    <\/article><\/div>\n            <div class=\"clearfix\"><\/div>\n        <\/div>\t\t\t\t<\/div>\n\t\t\t\t<\/div>\n\t\t\t\t<\/div>\n\t\t\t\t\t<\/div>\n\t\t<\/div>\n\t\t\t\t\t\t<\/div>\n\t\t\t\t<\/div>\n\t\t\t\t\t<\/div>\n\t\t\t\t<\/div>\n\t\t\t\t<\/div>\n\t\t","protected":false},"excerpt":{"rendered":"<p>Sala de imprensa Baixe seu Presskit aqui. Pr\u00eamios Pessoas Eventos Logikaline recibe nuevamente el \u00abPremio L\u00edderes\u201d Participamos en la III Edici\u00f3n de los Premios DiarioVasco.com L\u00edderes en servicio 2016 Por cuarto a\u00f1o consecutivo, L\u00edderes en fidelizaci\u00f3n Premio Empresa de servicios de Gipuzkoa Logikaline recibe de la mano de Eroski el Premio L\u00edderes en Fidelizaci\u00f3n por [&hellip;]<\/p>\n","protected":false},"author":1,"featured_media":0,"parent":0,"menu_order":0,"comment_status":"closed","ping_status":"closed","template":"","meta":{"footnotes":""},"class_list":["post-9840","page","type-page","status-publish","hentry"],"_links":{"self":[{"href":"https:\/\/www.logikaline.com\/pt-pt\/wp-json\/wp\/v2\/pages\/9840","targetHints":{"allow":["GET"]}}],"collection":[{"href":"https:\/\/www.logikaline.com\/pt-pt\/wp-json\/wp\/v2\/pages"}],"about":[{"href":"https:\/\/www.logikaline.com\/pt-pt\/wp-json\/wp\/v2\/types\/page"}],"author":[{"embeddable":true,"href":"https:\/\/www.logikaline.com\/pt-pt\/wp-json\/wp\/v2\/users\/1"}],"replies":[{"embeddable":true,"href":"https:\/\/www.logikaline.com\/pt-pt\/wp-json\/wp\/v2\/comments?post=9840"}],"version-history":[{"count":1,"href":"https:\/\/www.logikaline.com\/pt-pt\/wp-json\/wp\/v2\/pages\/9840\/revisions"}],"predecessor-version":[{"id":11819,"href":"https:\/\/www.logikaline.com\/pt-pt\/wp-json\/wp\/v2\/pages\/9840\/revisions\/11819"}],"wp:attachment":[{"href":"https:\/\/www.logikaline.com\/pt-pt\/wp-json\/wp\/v2\/media?parent=9840"}],"curies":[{"name":"wp","href":"https:\/\/api.w.org\/{rel}","templated":true}]}}